{"id":3176,"date":"2026-02-10T16:23:19","date_gmt":"2026-02-10T15:23:19","guid":{"rendered":"https:\/\/ld-nrw.de\/?page_id=3176"},"modified":"2026-03-11T16:24:57","modified_gmt":"2026-03-11T15:24:57","slug":"unterschreiben","status":"publish","type":"page","link":"https:\/\/ld-nrw.de\/en\/landtagswahl-2027\/unterschreiben\/","title":{"rendered":"Unterschreiben"},"content":{"rendered":"<div class=\"wp-block-group has-border-color is-vertical is-layout-flex wp-container-core-group-is-layout-78bbdd6c wp-block-group-is-layout-flex\" style=\"border-color:var(--theme-palette-color-1, #FF8200);border-width:3px;border-radius:10px;padding-top:15px;padding-right:25px;padding-bottom:15px;padding-left:25px\">\n<h2 class=\"wp-block-heading\">Kein Drucker? Kein Problem!<\/h2>\n\n\n\n<p>Wir schicken dir die ben\u00f6tigten Formulare und Flyer, mit denen du Familie, Freunde und Bekannte \u00fcberzeugen kannst, gerne kostenfrei zu. F\u00fclle dazu das unten verlinkte Formular aus.<\/p>\n\n\n\n<div class=\"wp-block-buttons is-layout-flex wp-block-buttons-is-layout-flex\">\n<div class=\"wp-block-button\"><a class=\"wp-block-button__link wp-element-button\" href=\"https:\/\/cloud.liberale-demokraten.de\/apps\/forms\/s\/6d5iyJbEfEikpQsNmmw2innT\">Jetzt zusenden lassen<\/a><\/div>\n<\/div>\n<\/div>\n\n\n\n<div style=\"height:25px\" aria-hidden=\"true\" class=\"wp-block-spacer\"><\/div>\n\n\n\n<div class=\"wp-block-columns is-layout-flex wp-container-core-columns-is-layout-28f84493 wp-block-columns-is-layout-flex\">\n<div class=\"wp-block-column is-layout-flow wp-block-column-is-layout-flow\">\n<h2 class=\"wp-block-heading\">So kannst du helfen:<\/h2>\n\n\n\n<ol class=\"wp-block-list\">\n<li>Lade das <a href=\"https:\/\/cloud.liberale-demokraten.de\/s\/TrfSbA2drqRHSMM\">Formular f\u00fcr unsere NRW-Landesliste<\/a> herunter. Zus\u00e4tzlich kannst du in der <a href=\"#wks\">Liste unten<\/a> \u00fcberpr\u00fcfen, ob wir auch in deinem Wahlkreis kandidieren, und auf einem <strong>separaten <\/strong>Formular eine Unterschrift f\u00fcr unsere dortigen Kandidierenden leisten.<br><\/li>\n\n\n\n<li>Drucke die Formulare jeweils <strong>doppelseitig auf ein DIN-A4-Blatt<\/strong> aus. Leider ist die Unterschrift nur so g\u00fcltig. Alternativ kannst du sie dir von uns zuschicken lassen, indem du <a href=\"https:\/\/cloud.liberale-demokraten.de\/apps\/forms\/s\/6d5iyJbEfEikpQsNmmw2innT\">dieses Formular<\/a> ausf\u00fcllst.<br><\/li>\n\n\n\n<li>F\u00fclle auf dem Formular <strong>den gesamten umrahmten Teil<\/strong>&nbsp;aus. Wichtig: Das untere Drittel des Formulars musst du freilassen, diesen Teil f\u00fcllt deine Gemeinde aus. Darum k\u00fcmmern wir uns gerne f\u00fcr dich, du kannst es allerdings nat\u00fcrlich auch selbst best\u00e4tigen lassen.<br><\/li>\n\n\n\n<li>Kontrolliere noch mal, ob alle notwendigen Felder korrekt ausgef\u00fcllt sind, und schicke das Formular <strong>per Post<\/strong> an folgende Adresse:<br><br>Liberale Demokraten \u2013 Die Sozialliberalen<br>Postfach 10 09 31<br>52009 Aachen<\/li>\n<\/ol>\n\n\n\n<blockquote class=\"wp-block-quote is-layout-flow wp-block-quote-is-layout-flow\">\n<p><strong>Danke f\u00fcr deine Unterst\u00fctzung!<\/strong><\/p>\n<\/blockquote>\n<\/div>\n\n\n\n<div class=\"wp-block-column is-layout-flow wp-block-column-is-layout-flow\">\n<figure class=\"wp-block-image size-large has-custom-border\"><img loading=\"lazy\" decoding=\"async\" width=\"1024\" height=\"683\" src=\"https:\/\/ld-nrw.de\/wp-content\/uploads\/2026\/02\/PLV02970-1024x683.jpg\" alt=\"\" class=\"wp-image-3140\" style=\"border-radius:10px\" srcset=\"https:\/\/ld-nrw.de\/wp-content\/uploads\/2026\/02\/PLV02970-1024x683.jpg 1024w, https:\/\/ld-nrw.de\/wp-content\/uploads\/2026\/02\/PLV02970-300x200.jpg 300w, https:\/\/ld-nrw.de\/wp-content\/uploads\/2026\/02\/PLV02970-768x512.jpg 768w, https:\/\/ld-nrw.de\/wp-content\/uploads\/2026\/02\/PLV02970-18x12.jpg 18w, https:\/\/ld-nrw.de\/wp-content\/uploads\/2026\/02\/PLV02970.jpg 1200w\" sizes=\"auto, (max-width: 1024px) 100vw, 1024px\" \/><\/figure>\n\n\n\n<h2 class=\"wp-block-heading\">Das Formular zum selber drucken:<\/h2>\n\n\n\n<p>Hier kannst du das Formular f\u00fcr eine Unterschrift zur Landtagswahl 2027 in NRW herunterladen:<\/p>\n\n\n\n<div class=\"wp-block-buttons is-layout-flex wp-block-buttons-is-layout-flex\">\n<div class=\"wp-block-button\"><a class=\"wp-block-button__link wp-element-button\" href=\"https:\/\/cloud.liberale-demokraten.de\/s\/TrfSbA2drqRHSMM\">Download Landesliste (\u00fcberall in NRW)<\/a><\/div>\n<\/div>\n\n\n\n<p>In diesen Wahlkreisen kannst du auch unsere <strong>Direktkandidaten mit einer Unterschrift unterst\u00fctzen<\/strong>, beachte dazu die nachfolgende Liste!<\/p>\n<\/div>\n<\/div>\n\n\n\n<h2 class=\"wp-block-heading\" id=\"wks\">Liste der Wahlkreise mit Kandidierenden<\/h2>\n\n\n\n<figure class=\"wp-block-table\"><table class=\"has-fixed-layout\"><thead><tr><th>Wahlkreis<\/th><th>Kandidat\/Kandidatin<\/th><th>Gemeinden\/Stadtteile<\/th><th>Formular-Download<\/th><\/tr><\/thead><tbody><tr><td>1 Aachen I<\/td><td>Paul Vossiek<\/td><td>Von der Stadt Aachen die Stadtbezirke: Aachen-Laurensberg, Aachen-Richterich, Aachen-Haaren, Aachen-Mitte mit den Stadtteilen: 10 Markt, 13 Theater, 14 Lindenplatz, 15 St. Jakob, 16 Westpark, 17 Hanbruch, 18 H\u00f6rn, 21 Ponttor, 22 Hansemannplatz, 23 Soers, 24 J\u00fclicher Stra\u00dfe, 25 Kalkofen, 34 Rothe Erde, 47 Marschiertor, 48 Hangeweiher<\/td><td><a href=\"https:\/\/cloud.liberale-demokraten.de\/s\/GDCbWkGiiLymKJy\">Hier herunterladen<\/a><\/td><\/tr><tr><td>2 Aachen II<\/td><td>Philipp Scherer<\/td><td>Von der Stadt Aachen&nbsp;die Stadtbezirke:&nbsp;Aachen-Kornelim\u00fcnster\/Walheim,&nbsp;Aachen-Brand,&nbsp;Aachen-Eilendorf,&nbsp;Aachen-Mitte mit den Stadtteilen:&nbsp;31 Kaiserplatz,&nbsp;32 Adalbertsteinweg,&nbsp;33 Panneschopp,&nbsp;35 Trierer Stra\u00dfe,&nbsp;36 Frankenberg,&nbsp;37 Forst,&nbsp;41 Beverau,&nbsp;42 Burtscheider Kurgarten,&nbsp;43 Burtscheider Abtei,&nbsp;46 Steinebr\u00fcck&nbsp;<\/td><td><a href=\"https:\/\/cloud.liberale-demokraten.de\/s\/NQq3HrLmtDWx95H\">Hier herunterladen<\/a><\/td><\/tr><tr><td>16 K\u00f6ln IV<\/td><td>Max Zimmer<\/td><td><br>Von der Stadt K\u00f6ln&nbsp;die Stadtbezirke:&nbsp;5 Nippes mit den Stadtteilen:&nbsp;502 Mauenheim,&nbsp;503 Riehl,&nbsp;504 Niehl,&nbsp;505 Weidenpesch,&nbsp;506 Longerich,&nbsp;6 Chorweiler&nbsp;<\/td><td><a href=\"https:\/\/cloud.liberale-demokraten.de\/s\/3oHBtf4CWRWHdMe\">Hier herunterladen<\/a><\/td><\/tr><\/tbody><\/table><\/figure>\n\n\n\n<p>Sp\u00e4tere Kandidaturen in weiteren Wahlkreisen sind m\u00f6glich!<\/p>\n\n\n\n<h2 class=\"wp-block-heading\">H\u00e4ufige Fragen (FAQ)<\/h2>\n\n\n\n<div style=\"height:0px\" aria-hidden=\"true\" class=\"wp-block-spacer\"><\/div>\n\n\n\n<details class=\"wp-block-details ld-details is-layout-flow wp-block-details-is-layout-flow\"><summary>Muss ich die LD w\u00e4hlen, wenn ich unterschreibe?<\/summary>\n<p>Nein, deine Wahlentscheidung ist von der Unterst\u00fctzungsunterschrift vollkommen unabh\u00e4ngig. Du erm\u00f6glichst damit lediglich dir oder anderen, euer Kreuz bei den LD zu setzen, wenn es so weit ist und ihr das wollt.<\/p>\n<\/details>\n\n\n\n<details class=\"wp-block-details ld-details is-layout-flow wp-block-details-is-layout-flow\"><summary>Kann ich euch das Formular auch per E-Mail zuschicken?<\/summary>\n<p>Nein, das geht bedauerlicherweise nicht. Uns nervt dieser Papierkrieg mindestens so sehr wie dich, aber g\u00fcltig sind nur handschriftlich auf Papier geleistete Unterschriften.<\/p>\n<\/details>\n\n\n\n<details class=\"wp-block-details ld-details is-layout-flow wp-block-details-is-layout-flow\"><summary>Was geschieht mit meinen Daten, nachdem ich unterschrieben habe?<\/summary>\n<p>Als datenschutzbewusste Partei ist dieses ganze Verfahren f\u00fcr uns sehr unangenehm und wir verstehen, dass es vielen B\u00fcrger_innen genau so geht.<br>Weil anders eine Wahlteilnahme nicht m\u00f6glich ist, sorgen wir daf\u00fcr, dass deine Daten auf keinen Fall zweckentfremdet werden oder verloren gehen. Das regelt auch die Datenschutzerkl\u00e4rung auf der R\u00fcckseite des Formulars. Nach der Wahl werden die Formulare alle fachgerecht und sicher entsorgt.<\/p>\n<\/details>\n\n\n\n<details class=\"wp-block-details ld-details is-layout-flow wp-block-details-is-layout-flow\"><summary>Ich darf (noch) nicht w\u00e4hlen, darf ich trotzdem unterschreiben?<\/summary>\n<p>Zu einer Unterschrift ist nur berechtigt, wer zum Zeitpunkt der Unterschrift wahlberechtigt ist. Leider wird deine Unterschrift davor nicht gez\u00e4hlt.<\/p>\n<\/details>\n\n\n\n<details class=\"wp-block-details ld-details is-layout-flow wp-block-details-is-layout-flow\"><summary>Darf ich bei der gleichen Wahl f\u00fcr mehr als eine Partei unterschreiben?<\/summary>\n<p>Nein, das ist nicht erlaubt.<\/p>\n<\/details>\n\n\n\n<details class=\"wp-block-details ld-details is-layout-flow wp-block-details-is-layout-flow\"><summary>Darf ich f\u00fcr die LD unterschreiben, obwohl ich Mitglied einer anderen Partei bin?<\/summary>\n<p>Klar! Deine Unterschrift ist deine Sache und bleibt vollkommen anonym. Parteien, die schon im Bundestag vertreten sind, m\u00fcssen gar keine Unterschriften sammeln. Wenn du die Unterschrift an uns gibst, hilfst du dabei, unsere Demokratie zu st\u00e4rken, indem du Menschen die Wahl gibst.<\/p>\n<\/details>\n\n\n\n<details class=\"wp-block-details ld-details is-layout-flow wp-block-details-is-layout-flow\"><summary>Bis wann muss ich das Formular eingesendet haben?<\/summary>\n<p>Da das Wahldatum bisher nicht feststeht, kennen wir die genaue Frist aktuell nicht. Wir rechnen aber damit, dass wir die best\u00e4tigten Unterschriften Anfang 2027 einreichen m\u00fcssen. Die Best\u00e4tigung kann je nach Beh\u00f6rde einige Zeit dauern. Sende uns das Formular also am besten schnellstm\u00f6glich zu, damit wir es rechtzeitig erhalten.<\/p>\n<\/details>\n\n\n\n<p><\/p>","protected":false},"excerpt":{"rendered":"<p>Kein Drucker? Kein Problem! Wir schicken dir die ben\u00f6tigten Formulare und Flyer, mit denen du Familie, Freunde und Bekannte \u00fcberzeugen kannst, gerne kostenfrei zu. F\u00fclle dazu das unten verlinkte Formular aus. So kannst du helfen: Danke f\u00fcr deine Unterst\u00fctzung! Das Formular zum selber drucken: Hier kannst du das Formular f\u00fcr eine Unterschrift zur Landtagswahl 2027 [&hellip;]<\/p>\n","protected":false},"author":1,"featured_media":3140,"parent":3044,"menu_order":0,"comment_status":"closed","ping_status":"closed","template":"","meta":{"_acf_changed":false,"footnotes":""},"class_list":["post-3176","page","type-page","status-publish","has-post-thumbnail","hentry"],"blocksy_meta":[],"acf":[],"yoast_head":"<!-- This site is optimized with the Yoast SEO plugin v27.2 - https:\/\/yoast.com\/product\/yoast-seo-wordpress\/ -->\n<title>Unterschreiben - Liberale Demokraten NRW<\/title>\n<meta name=\"description\" content=\"Mit deiner Unterschrift erm\u00f6glichst du den Liberalen Demokraten die Teilnahme an der NRW-Landtagswahl 2027. Nur ein Formular.\" \/>\n<meta name=\"robots\" content=\"index, follow, max-snippet:-1, max-image-preview:large, max-video-preview:-1\" \/>\n<link rel=\"canonical\" href=\"https:\/\/ld-nrw.de\/en\/landtagswahl-2027\/unterschreiben\/\" \/>\n<meta property=\"og:locale\" content=\"en_GB\" \/>\n<meta property=\"og:type\" content=\"article\" \/>\n<meta property=\"og:title\" content=\"Unterschreiben - Liberale Demokraten NRW\" \/>\n<meta property=\"og:description\" content=\"Mit deiner Unterschrift erm\u00f6glichst du den Liberalen Demokraten die Teilnahme an der NRW-Landtagswahl 2027. Nur ein Formular.\" \/>\n<meta property=\"og:url\" content=\"https:\/\/ld-nrw.de\/en\/landtagswahl-2027\/unterschreiben\/\" \/>\n<meta property=\"og:site_name\" content=\"Liberale Demokraten NRW\" \/>\n<meta property=\"article:publisher\" content=\"https:\/\/www.facebook.com\/ldnrw\" \/>\n<meta property=\"article:modified_time\" content=\"2026-03-11T15:24:57+00:00\" \/>\n<meta property=\"og:image\" content=\"https:\/\/ld-nrw.de\/wp-content\/uploads\/2026\/02\/PLV02970.jpg\" \/>\n\t<meta property=\"og:image:width\" content=\"1200\" \/>\n\t<meta property=\"og:image:height\" content=\"800\" \/>\n\t<meta property=\"og:image:type\" content=\"image\/jpeg\" \/>\n<meta name=\"twitter:card\" content=\"summary_large_image\" \/>\n<meta name=\"twitter:site\" content=\"@ld_nrw\" \/>\n<meta name=\"twitter:label1\" content=\"Estimated reading time\" \/>\n\t<meta name=\"twitter:data1\" content=\"3 minutes\" \/>\n<script type=\"application\/ld+json\" class=\"yoast-schema-graph\">{\"@context\":\"https:\/\/schema.org\",\"@graph\":[{\"@type\":\"WebPage\",\"@id\":\"https:\/\/ld-nrw.de\/landtagswahl-2027\/unterschreiben\/\",\"url\":\"https:\/\/ld-nrw.de\/landtagswahl-2027\/unterschreiben\/\",\"name\":\"Unterschreiben - Liberale Demokraten NRW\",\"isPartOf\":{\"@id\":\"https:\/\/ld-nrw.de\/#website\"},\"primaryImageOfPage\":{\"@id\":\"https:\/\/ld-nrw.de\/landtagswahl-2027\/unterschreiben\/#primaryimage\"},\"image\":{\"@id\":\"https:\/\/ld-nrw.de\/landtagswahl-2027\/unterschreiben\/#primaryimage\"},\"thumbnailUrl\":\"https:\/\/ld-nrw.de\/wp-content\/uploads\/2026\/02\/PLV02970.jpg\",\"datePublished\":\"2026-02-10T15:23:19+00:00\",\"dateModified\":\"2026-03-11T15:24:57+00:00\",\"description\":\"Mit deiner Unterschrift erm\u00f6glichst du den Liberalen Demokraten die Teilnahme an der NRW-Landtagswahl 2027. Nur ein Formular.\",\"breadcrumb\":{\"@id\":\"https:\/\/ld-nrw.de\/landtagswahl-2027\/unterschreiben\/#breadcrumb\"},\"inLanguage\":\"en-GB\",\"potentialAction\":[{\"@type\":\"ReadAction\",\"target\":[\"https:\/\/ld-nrw.de\/landtagswahl-2027\/unterschreiben\/\"]}]},{\"@type\":\"ImageObject\",\"inLanguage\":\"en-GB\",\"@id\":\"https:\/\/ld-nrw.de\/landtagswahl-2027\/unterschreiben\/#primaryimage\",\"url\":\"https:\/\/ld-nrw.de\/wp-content\/uploads\/2026\/02\/PLV02970.jpg\",\"contentUrl\":\"https:\/\/ld-nrw.de\/wp-content\/uploads\/2026\/02\/PLV02970.jpg\",\"width\":1200,\"height\":800},{\"@type\":\"BreadcrumbList\",\"@id\":\"https:\/\/ld-nrw.de\/landtagswahl-2027\/unterschreiben\/#breadcrumb\",\"itemListElement\":[{\"@type\":\"ListItem\",\"position\":1,\"name\":\"Startseite\",\"item\":\"https:\/\/ld-nrw.de\/\"},{\"@type\":\"ListItem\",\"position\":2,\"name\":\"Landtagswahl 2027\",\"item\":\"https:\/\/ld-nrw.de\/landtagswahl-2027\/\"},{\"@type\":\"ListItem\",\"position\":3,\"name\":\"Unterschreiben\"}]},{\"@type\":\"WebSite\",\"@id\":\"https:\/\/ld-nrw.de\/#website\",\"url\":\"https:\/\/ld-nrw.de\/\",\"name\":\"Liberale Demokraten NRW\",\"description\":\"\",\"publisher\":{\"@id\":\"https:\/\/ld-nrw.de\/#organization\"},\"potentialAction\":[{\"@type\":\"SearchAction\",\"target\":{\"@type\":\"EntryPoint\",\"urlTemplate\":\"https:\/\/ld-nrw.de\/?s={search_term_string}\"},\"query-input\":{\"@type\":\"PropertyValueSpecification\",\"valueRequired\":true,\"valueName\":\"search_term_string\"}}],\"inLanguage\":\"en-GB\"},{\"@type\":\"Organization\",\"@id\":\"https:\/\/ld-nrw.de\/#organization\",\"name\":\"Liberale Demokraten NRW\",\"url\":\"https:\/\/ld-nrw.de\/\",\"logo\":{\"@type\":\"ImageObject\",\"inLanguage\":\"en-GB\",\"@id\":\"https:\/\/ld-nrw.de\/#\/schema\/logo\/image\/\",\"url\":\"https:\/\/ld-nrw.de\/wp-content\/uploads\/2023\/07\/ld_nrw.svg\",\"contentUrl\":\"https:\/\/ld-nrw.de\/wp-content\/uploads\/2023\/07\/ld_nrw.svg\",\"width\":1595,\"height\":776,\"caption\":\"Liberale Demokraten NRW\"},\"image\":{\"@id\":\"https:\/\/ld-nrw.de\/#\/schema\/logo\/image\/\"},\"sameAs\":[\"https:\/\/www.facebook.com\/ldnrw\",\"https:\/\/x.com\/ld_nrw\",\"https:\/\/www.instagram.com\/ld_nrw\/\"]}]}<\/script>\n<!-- \/ Yoast SEO plugin. -->","yoast_head_json":{"title":"Unterschreiben - Liberale Demokraten NRW","description":"Mit deiner Unterschrift erm\u00f6glichst du den Liberalen Demokraten die Teilnahme an der NRW-Landtagswahl 2027. Nur ein Formular.","robots":{"index":"index","follow":"follow","max-snippet":"max-snippet:-1","max-image-preview":"max-image-preview:large","max-video-preview":"max-video-preview:-1"},"canonical":"https:\/\/ld-nrw.de\/en\/landtagswahl-2027\/unterschreiben\/","og_locale":"en_GB","og_type":"article","og_title":"Unterschreiben - Liberale Demokraten NRW","og_description":"Mit deiner Unterschrift erm\u00f6glichst du den Liberalen Demokraten die Teilnahme an der NRW-Landtagswahl 2027. Nur ein Formular.","og_url":"https:\/\/ld-nrw.de\/en\/landtagswahl-2027\/unterschreiben\/","og_site_name":"Liberale Demokraten NRW","article_publisher":"https:\/\/www.facebook.com\/ldnrw","article_modified_time":"2026-03-11T15:24:57+00:00","og_image":[{"width":1200,"height":800,"url":"https:\/\/ld-nrw.de\/wp-content\/uploads\/2026\/02\/PLV02970.jpg","type":"image\/jpeg"}],"twitter_card":"summary_large_image","twitter_site":"@ld_nrw","twitter_misc":{"Estimated reading time":"3 minutes"},"schema":{"@context":"https:\/\/schema.org","@graph":[{"@type":"WebPage","@id":"https:\/\/ld-nrw.de\/landtagswahl-2027\/unterschreiben\/","url":"https:\/\/ld-nrw.de\/landtagswahl-2027\/unterschreiben\/","name":"Unterschreiben - Liberale Demokraten NRW","isPartOf":{"@id":"https:\/\/ld-nrw.de\/#website"},"primaryImageOfPage":{"@id":"https:\/\/ld-nrw.de\/landtagswahl-2027\/unterschreiben\/#primaryimage"},"image":{"@id":"https:\/\/ld-nrw.de\/landtagswahl-2027\/unterschreiben\/#primaryimage"},"thumbnailUrl":"https:\/\/ld-nrw.de\/wp-content\/uploads\/2026\/02\/PLV02970.jpg","datePublished":"2026-02-10T15:23:19+00:00","dateModified":"2026-03-11T15:24:57+00:00","description":"Mit deiner Unterschrift erm\u00f6glichst du den Liberalen Demokraten die Teilnahme an der NRW-Landtagswahl 2027. Nur ein Formular.","breadcrumb":{"@id":"https:\/\/ld-nrw.de\/landtagswahl-2027\/unterschreiben\/#breadcrumb"},"inLanguage":"en-GB","potentialAction":[{"@type":"ReadAction","target":["https:\/\/ld-nrw.de\/landtagswahl-2027\/unterschreiben\/"]}]},{"@type":"ImageObject","inLanguage":"en-GB","@id":"https:\/\/ld-nrw.de\/landtagswahl-2027\/unterschreiben\/#primaryimage","url":"https:\/\/ld-nrw.de\/wp-content\/uploads\/2026\/02\/PLV02970.jpg","contentUrl":"https:\/\/ld-nrw.de\/wp-content\/uploads\/2026\/02\/PLV02970.jpg","width":1200,"height":800},{"@type":"BreadcrumbList","@id":"https:\/\/ld-nrw.de\/landtagswahl-2027\/unterschreiben\/#breadcrumb","itemListElement":[{"@type":"ListItem","position":1,"name":"Startseite","item":"https:\/\/ld-nrw.de\/"},{"@type":"ListItem","position":2,"name":"Landtagswahl 2027","item":"https:\/\/ld-nrw.de\/landtagswahl-2027\/"},{"@type":"ListItem","position":3,"name":"Unterschreiben"}]},{"@type":"WebSite","@id":"https:\/\/ld-nrw.de\/#website","url":"https:\/\/ld-nrw.de\/","name":"Liberale Demokraten NRW","description":"","publisher":{"@id":"https:\/\/ld-nrw.de\/#organization"},"potentialAction":[{"@type":"SearchAction","target":{"@type":"EntryPoint","urlTemplate":"https:\/\/ld-nrw.de\/?s={search_term_string}"},"query-input":{"@type":"PropertyValueSpecification","valueRequired":true,"valueName":"search_term_string"}}],"inLanguage":"en-GB"},{"@type":"Organization","@id":"https:\/\/ld-nrw.de\/#organization","name":"Liberale Demokraten NRW","url":"https:\/\/ld-nrw.de\/","logo":{"@type":"ImageObject","inLanguage":"en-GB","@id":"https:\/\/ld-nrw.de\/#\/schema\/logo\/image\/","url":"https:\/\/ld-nrw.de\/wp-content\/uploads\/2023\/07\/ld_nrw.svg","contentUrl":"https:\/\/ld-nrw.de\/wp-content\/uploads\/2023\/07\/ld_nrw.svg","width":1595,"height":776,"caption":"Liberale Demokraten NRW"},"image":{"@id":"https:\/\/ld-nrw.de\/#\/schema\/logo\/image\/"},"sameAs":["https:\/\/www.facebook.com\/ldnrw","https:\/\/x.com\/ld_nrw","https:\/\/www.instagram.com\/ld_nrw\/"]}]}},"_links":{"self":[{"href":"https:\/\/ld-nrw.de\/en\/wp-json\/wp\/v2\/pages\/3176","targetHints":{"allow":["GET"]}}],"collection":[{"href":"https:\/\/ld-nrw.de\/en\/wp-json\/wp\/v2\/pages"}],"about":[{"href":"https:\/\/ld-nrw.de\/en\/wp-json\/wp\/v2\/types\/page"}],"author":[{"embeddable":true,"href":"https:\/\/ld-nrw.de\/en\/wp-json\/wp\/v2\/users\/1"}],"replies":[{"embeddable":true,"href":"https:\/\/ld-nrw.de\/en\/wp-json\/wp\/v2\/comments?post=3176"}],"version-history":[{"count":17,"href":"https:\/\/ld-nrw.de\/en\/wp-json\/wp\/v2\/pages\/3176\/revisions"}],"predecessor-version":[{"id":3268,"href":"https:\/\/ld-nrw.de\/en\/wp-json\/wp\/v2\/pages\/3176\/revisions\/3268"}],"up":[{"embeddable":true,"href":"https:\/\/ld-nrw.de\/en\/wp-json\/wp\/v2\/pages\/3044"}],"wp:featuredmedia":[{"embeddable":true,"href":"https:\/\/ld-nrw.de\/en\/wp-json\/wp\/v2\/media\/3140"}],"wp:attachment":[{"href":"https:\/\/ld-nrw.de\/en\/wp-json\/wp\/v2\/media?parent=3176"}],"curies":[{"name":"wp","href":"https:\/\/api.w.org\/{rel}","templated":true}]}}