{"id":3044,"date":"2025-10-26T10:19:06","date_gmt":"2025-10-26T09:19:06","guid":{"rendered":"https:\/\/ld-nrw.de\/?page_id=3044"},"modified":"2026-03-30T15:06:48","modified_gmt":"2026-03-30T13:06:48","slug":"landtagswahl-2027","status":"publish","type":"page","link":"https:\/\/ld-nrw.de\/en\/landtagswahl-2027\/","title":{"rendered":"State Election 2027"},"content":{"rendered":"<div class=\"wp-block-columns is-layout-flex wp-container-core-columns-is-layout-28f84493 wp-block-columns-is-layout-flex\">\n<div class=\"wp-block-column is-layout-flow wp-block-column-is-layout-flow\" style=\"flex-basis:50%\">\n<div class=\"wp-block-group is-layout-constrained wp-block-group-is-layout-constrained\">\n<p>We advocate a concept of freedom that gives equal consideration to social freedoms (freedom from hardship and poverty), ecological freedoms (a livable environment for future generations), and classical freedoms (freedom from oppression and surveillance). We stand against anti-science sentiment and populism.<\/p>\n\n\n\n<p>Wir sind keine \u201eweitere neue Partei\u201c \u2013 unsere Wurzeln liegen in 40 Jahren sozialliberaler Tradition. Wir stehen f\u00fcr ehrliche, transparente Politik ohne Populismus und Wissenschaftsfeindlichkeit. Bei uns z\u00e4hlt jede Stimme, jede Idee, jedes Engagement.<\/p>\n\n\n\n<div class=\"wp-block-buttons is-layout-flex wp-block-buttons-is-layout-flex\">\n<div class=\"wp-block-button\"><a class=\"wp-block-button__link wp-element-button\" href=\"https:\/\/ld-nrw.de\/en\/landtagswahl-2027\/unterschreiben\/\">Unterschreiben f\u00fcr unsere Wahlzulassung<\/a><\/div>\n<\/div>\n<\/div>\n<\/div>\n\n\n\n<div class=\"wp-block-column is-layout-flow wp-block-column-is-layout-flow\" style=\"flex-basis:50%\">\n<figure class=\"wp-block-image size-large has-custom-border\"><img loading=\"lazy\" decoding=\"async\" width=\"1024\" height=\"683\" src=\"https:\/\/ld-nrw.de\/wp-content\/uploads\/2025\/10\/v2osk-WfzlgdX2BGA-unsplash-1024x683.jpg\" alt=\"\" class=\"wp-image-3083\" style=\"border-radius:10px;box-shadow:var(--wp--preset--shadow--natural)\" srcset=\"https:\/\/ld-nrw.de\/wp-content\/uploads\/2025\/10\/v2osk-WfzlgdX2BGA-unsplash-1024x683.jpg 1024w, https:\/\/ld-nrw.de\/wp-content\/uploads\/2025\/10\/v2osk-WfzlgdX2BGA-unsplash-300x200.jpg 300w, https:\/\/ld-nrw.de\/wp-content\/uploads\/2025\/10\/v2osk-WfzlgdX2BGA-unsplash-768x513.jpg 768w, https:\/\/ld-nrw.de\/wp-content\/uploads\/2025\/10\/v2osk-WfzlgdX2BGA-unsplash-1536x1025.jpg 1536w, https:\/\/ld-nrw.de\/wp-content\/uploads\/2025\/10\/v2osk-WfzlgdX2BGA-unsplash-18x12.jpg 18w\" sizes=\"auto, (max-width: 1024px) 100vw, 1024px\" \/><\/figure>\n<\/div>\n<\/div>\n\n\n\n<h2 class=\"wp-block-heading\">What we do differently<\/h2>\n\n\n\n<div class=\"wp-block-columns is-layout-flex wp-container-core-columns-is-layout-28f84493 wp-block-columns-is-layout-flex\">\n<div class=\"wp-block-column has-border-color has-palette-color-5-border-color has-palette-color-8-background-color has-background is-layout-flow wp-block-column-is-layout-flow\" style=\"border-width:4px;border-radius:10px;padding-top:var(--wp--preset--spacing--60);padding-right:var(--wp--preset--spacing--60);padding-bottom:var(--wp--preset--spacing--60);padding-left:var(--wp--preset--spacing--60)\">\n<h3 class=\"wp-block-heading\">\ud83c\udf93 Education<\/h3>\n\n\n\n<p><strong>Education is the key to freedom.<\/strong> For us, education policy is the most important focus of politics. Only through excellent, accessible education can we create genuine equality of opportunity.<\/p>\n\n\n\n<p><strong>We demand:<\/strong><\/p>\n\n\n\n<ul class=\"wp-block-list\">\n<li>A nationally uniform education system with central standards<\/li>\n\n\n\n<li>One school with individual support<\/li>\n\n\n\n<li>Free education from nursery school to university<\/li>\n\n\n\n<li>BAf\u00f6G independent of parents<\/li>\n\n\n\n<li>Lifelong learning as the norm<\/li>\n\n\n\n<li>Moderne F\u00e4cher wie \u201eWerte und Normen\u201c statt konfessionellem Religionsunterricht<\/li>\n<\/ul>\n<\/div>\n\n\n\n<div class=\"wp-block-column has-border-color has-palette-color-5-border-color is-layout-flow wp-block-column-is-layout-flow\" style=\"border-width:4px;border-radius:10px;padding-top:var(--wp--preset--spacing--60);padding-right:var(--wp--preset--spacing--60);padding-bottom:var(--wp--preset--spacing--60);padding-left:var(--wp--preset--spacing--60)\">\n<h3 class=\"wp-block-heading\">\ud83d\udcbc Economy<\/h3>\n\n\n\n<p><strong>A social market economy with a future.<\/strong> We stand for economic policies that promote innovation, create fair competitive conditions and, at the same time, ensure social justice.<\/p>\n\n\n\n<p><strong>Our objectives:<\/strong><\/p>\n\n\n\n<ul class=\"wp-block-list\">\n<li>Strengthening small and medium-sized enterprises and fair competition<\/li>\n\n\n\n<li>Expansion of modern infrastructure (digitalisation, mobility, energy)<\/li>\n\n\n\n<li>Promotion of start-ups and innovation<\/li>\n\n\n\n<li>Compatibility of family and work<\/li>\n\n\n\n<li>Promoting dual training and in-company continuing education<\/li>\n\n\n\n<li>Combating monopolies and the market power of large corporations<\/li>\n<\/ul>\n<\/div>\n\n\n\n<div class=\"wp-block-column has-border-color has-palette-color-5-border-color has-palette-color-8-background-color has-background is-layout-flow wp-block-column-is-layout-flow\" style=\"border-width:4px;border-radius:10px;padding-top:var(--wp--preset--spacing--60);padding-right:var(--wp--preset--spacing--60);padding-bottom:var(--wp--preset--spacing--60);padding-left:var(--wp--preset--spacing--60)\">\n<h3 class=\"wp-block-heading\">\u2696\ufe0f Civil Rights<\/h3>\n\n\n\n<p><strong>Freedom needs protection.<\/strong> Safeguarding and expanding universal civil rights is the core concern of our policy \u2014 against state surveillance and for digital freedoms.<\/p>\n\n\n\n<p><strong>What we are fighting for:<\/strong><\/p>\n\n\n\n<ul class=\"wp-block-list\">\n<li>General confidentiality of communications (including digital communications)<\/li>\n\n\n\n<li>No un-restricted data retention<\/li>\n\n\n\n<li>No surveillance without cause<\/li>\n\n\n\n<li>Equality for all life styles<\/li>\n\n\n\n<li>Protection of minorities<\/li>\n\n\n\n<li>Transparent, citizen-centred administration<\/li>\n\n\n\n<li>More direct democracy<\/li>\n<\/ul>\n<\/div>\n<\/div>\n\n\n\n<div style=\"height:100px\" aria-hidden=\"true\" class=\"wp-block-spacer\"><\/div>\n\n\n\n<h2 class=\"wp-block-heading\">Our election program is taking shape: Progress. Opportunities. Freedom.<\/h2>\n\n\n\n<p>The state election in North Rhine-Westphalia is approaching \u2014 and we are shaping our election program together with you! Transparency and citizen-friendliness are not empty promises for us, but rather practices we live by.<\/p>\n\n\n\n<div class=\"wp-block-group is-vertical is-layout-flex wp-container-core-group-is-layout-fe9cc265 wp-block-group-is-layout-flex\" style=\"border-style:none;border-width:0px;border-radius:10px\">\n<p>Seit dem 1. M\u00e4rz 2026 steht der Forderungskatalog f\u00fcr unser Wahlprogramm!<\/p>\n\n\n\n<div class=\"wp-block-buttons is-layout-flex wp-block-buttons-is-layout-flex\">\n<div class=\"wp-block-button\"><a class=\"wp-block-button__link wp-element-button\" href=\"https:\/\/ld-nrw.de\/en\/aktuelles\/beschluss\/klar-kann-nrw-das-forderungskatalog-zur-ltw-nrw-2027\/\">Zum Wahlprogramm<\/a><\/div>\n<\/div>\n\n\n\n<div class=\"wp-block-buttons is-layout-flex wp-block-buttons-is-layout-flex\">\n<div class=\"wp-block-button\"><a class=\"wp-block-button__link wp-element-button\" href=\"https:\/\/ld-nrw.de\/en\/landtagswahl-2027\/programmprozess\/\">About the program process<\/a><\/div>\n<\/div>\n\n\n\n<div style=\"height:0px\" aria-hidden=\"true\" class=\"wp-block-spacer wp-container-content-6388d5dc\"><\/div>\n<\/div>\n\n\n\n<h2 class=\"wp-block-heading\">You belong in the state parliament<\/h2>\n\n\n\n<p><strong>NRW needs you!<\/strong> The state election is a historic opportunity to bring genuine social-liberal politics to our federal state. But to do so, we need committed people who are willing to take on responsibility.<\/p>\n\n\n\n<div class=\"wp-block-columns is-layout-flex wp-container-core-columns-is-layout-28f84493 wp-block-columns-is-layout-flex\">\n<div class=\"wp-block-column is-layout-flow wp-block-column-is-layout-flow\" style=\"flex-basis:100%\">\n<div class=\"wp-block-group has-border-color has-palette-color-5-border-color is-layout-flow wp-block-group-is-layout-flow\" style=\"border-width:4px;border-radius:10px;padding-top:var(--wp--preset--spacing--60);padding-right:var(--wp--preset--spacing--60);padding-bottom:var(--wp--preset--spacing--60);padding-left:var(--wp--preset--spacing--60)\">\n<h3 class=\"wp-block-heading has-text-align-left\">Stand as a candidate for Liberalen Demokraten!<\/h3>\n\n\n\n<p>We are looking for people like you \u2014 with attitude, conviction, and the will to make North Rhine-Westphalia social, liberal, and sustainable.<\/p>\n\n\n\n<p>What we offer:<\/p>\n\n\n\n<ul class=\"wp-block-list\">\n<li>Support for your candidacy<\/li>\n\n\n\n<li>Training and networking<\/li>\n\n\n\n<li>A party committed to transparency and closeness to citizens<\/li>\n\n\n\n<li>The opportunity to shape real politics<\/li>\n\n\n\n<li>A motivated team at your side<\/li>\n<\/ul>\n\n\n\n<p>Candidates may apply for:<\/p>\n\n\n\n<p>\u2705 <strong>State list:<\/strong> Die Landesliste wurde am 1. M\u00e4rz 2026 gew\u00e4hlt. Unsere Kandidatinnen und Kandidaten stehen somit bereits fest. <\/p>\n\n\n\n<p>\ud83d\udccd <strong>Direct mandates:<\/strong> In einigen Wahlkreisen suchen wir noch Direktkandidaturen. Kandidiere als Erststimmen-Kandidat_in in einem der verbleibenden Wahlkreise!<\/p>\n\n\n\n<div class=\"wp-block-buttons is-layout-flex wp-block-buttons-is-layout-flex\">\n<div class=\"wp-block-button\"><a class=\"wp-block-button__link wp-element-button\" href=\"mailto:vorstand@ld-nrw.de\">Enquire now<\/a><\/div>\n\n\n\n<div class=\"wp-block-button is-style-outline is-style-outline--1\"><a class=\"wp-block-button__link wp-element-button\" href=\"https:\/\/ld-nrw.de\/en\/landtagswahl-2027\/kandidieren\/\">Further information<\/a><\/div>\n<\/div>\n\n\n\n<p>Do you have any questions? Contact us at <a href=\"mailto:kontakt@ld-nrw.de\"><strong>kontakt@ld-nrw.de<\/strong><\/a><\/p>\n<\/div>\n<\/div>\n<\/div>\n\n\n\n<p>The state election is our opportunity to shape North Rhine-Westphalia in a socially conscious, liberal and sustainable manner. Get involved \u2014 as a voter, supporter or candidate!<\/p>\n\n\n\n<p><\/p>","protected":false},"excerpt":{"rendered":"<p>Wir vertreten einen Freiheitsbegriff, der soziale Freiheiten (Freiheit von Not und Armut), \u00f6kologische Freiheiten (lebenswerte Umwelt f\u00fcr k\u00fcnftige Generationen) und klassische Freiheiten (Freiheit von Unterdr\u00fcckung und \u00dcberwachung) gleichwertig ber\u00fccksichtigt. Wissenschaftsfeindlichkeit und Populismus haben bei uns keinen Platz. Wir sind keine \u201eweitere neue Partei\u201c \u2013 unsere Wurzeln liegen in 40 Jahren sozialliberaler Tradition. Wir stehen f\u00fcr [&hellip;]<\/p>\n","protected":false},"author":1,"featured_media":0,"parent":0,"menu_order":0,"comment_status":"closed","ping_status":"closed","template":"","meta":{"_acf_changed":false,"footnotes":""},"class_list":["post-3044","page","type-page","status-publish","hentry"],"blocksy_meta":[],"acf":[],"yoast_head":"<!-- This site is optimized with the Yoast SEO plugin v27.2 - https:\/\/yoast.com\/product\/yoast-seo-wordpress\/ -->\n<title>Landtagswahl 2027 - Liberale Demokraten NRW<\/title>\n<meta name=\"description\" content=\"Sozialliberale Partei zur Landtagswahl 2027 in NRW: Bildung, B\u00fcrgerrechte, faire Wirtschaft. Jetzt mitmachen &amp; NRW mitgestalten!\" \/>\n<meta name=\"robots\" content=\"index, follow, max-snippet:-1, max-image-preview:large, max-video-preview:-1\" \/>\n<link rel=\"canonical\" href=\"https:\/\/ld-nrw.de\/en\/landtagswahl-2027\/\" \/>\n<meta property=\"og:locale\" content=\"en_GB\" \/>\n<meta property=\"og:type\" content=\"article\" \/>\n<meta property=\"og:title\" content=\"Landtagswahl 2027 - Liberale Demokraten NRW\" \/>\n<meta property=\"og:description\" content=\"Sozialliberale Partei zur Landtagswahl 2027 in NRW: Bildung, B\u00fcrgerrechte, faire Wirtschaft. Jetzt mitmachen &amp; NRW mitgestalten!\" \/>\n<meta property=\"og:url\" content=\"https:\/\/ld-nrw.de\/en\/landtagswahl-2027\/\" \/>\n<meta property=\"og:site_name\" content=\"Liberale Demokraten NRW\" \/>\n<meta property=\"article:publisher\" content=\"https:\/\/www.facebook.com\/ldnrw\" \/>\n<meta property=\"article:modified_time\" content=\"2026-03-30T13:06:48+00:00\" \/>\n<meta property=\"og:image\" content=\"https:\/\/ld-nrw.de\/wp-content\/uploads\/2025\/10\/v2osk-WfzlgdX2BGA-unsplash-scaled.jpg\" \/>\n\t<meta property=\"og:image:width\" content=\"2560\" \/>\n\t<meta property=\"og:image:height\" content=\"1709\" \/>\n\t<meta property=\"og:image:type\" content=\"image\/jpeg\" \/>\n<meta name=\"twitter:card\" content=\"summary_large_image\" \/>\n<meta name=\"twitter:site\" content=\"@ld_nrw\" \/>\n<meta name=\"twitter:label1\" content=\"Estimated reading time\" \/>\n\t<meta name=\"twitter:data1\" content=\"2 minutes\" \/>\n<script type=\"application\/ld+json\" class=\"yoast-schema-graph\">{\"@context\":\"https:\/\/schema.org\",\"@graph\":[{\"@type\":\"WebPage\",\"@id\":\"https:\/\/ld-nrw.de\/landtagswahl-2027\/\",\"url\":\"https:\/\/ld-nrw.de\/landtagswahl-2027\/\",\"name\":\"Landtagswahl 2027 - Liberale Demokraten NRW\",\"isPartOf\":{\"@id\":\"https:\/\/ld-nrw.de\/#website\"},\"primaryImageOfPage\":{\"@id\":\"https:\/\/ld-nrw.de\/landtagswahl-2027\/#primaryimage\"},\"image\":{\"@id\":\"https:\/\/ld-nrw.de\/landtagswahl-2027\/#primaryimage\"},\"thumbnailUrl\":\"https:\/\/ld-nrw.de\/wp-content\/uploads\/2025\/10\/v2osk-WfzlgdX2BGA-unsplash-1024x683.jpg\",\"datePublished\":\"2025-10-26T09:19:06+00:00\",\"dateModified\":\"2026-03-30T13:06:48+00:00\",\"description\":\"Sozialliberale Partei zur Landtagswahl 2027 in NRW: Bildung, B\u00fcrgerrechte, faire Wirtschaft. Jetzt mitmachen & NRW mitgestalten!\",\"breadcrumb\":{\"@id\":\"https:\/\/ld-nrw.de\/landtagswahl-2027\/#breadcrumb\"},\"inLanguage\":\"en-GB\",\"potentialAction\":[{\"@type\":\"ReadAction\",\"target\":[\"https:\/\/ld-nrw.de\/landtagswahl-2027\/\"]}]},{\"@type\":\"ImageObject\",\"inLanguage\":\"en-GB\",\"@id\":\"https:\/\/ld-nrw.de\/landtagswahl-2027\/#primaryimage\",\"url\":\"https:\/\/ld-nrw.de\/wp-content\/uploads\/2025\/10\/v2osk-WfzlgdX2BGA-unsplash-1024x683.jpg\",\"contentUrl\":\"https:\/\/ld-nrw.de\/wp-content\/uploads\/2025\/10\/v2osk-WfzlgdX2BGA-unsplash-1024x683.jpg\"},{\"@type\":\"BreadcrumbList\",\"@id\":\"https:\/\/ld-nrw.de\/landtagswahl-2027\/#breadcrumb\",\"itemListElement\":[{\"@type\":\"ListItem\",\"position\":1,\"name\":\"Startseite\",\"item\":\"https:\/\/ld-nrw.de\/\"},{\"@type\":\"ListItem\",\"position\":2,\"name\":\"Landtagswahl 2027\"}]},{\"@type\":\"WebSite\",\"@id\":\"https:\/\/ld-nrw.de\/#website\",\"url\":\"https:\/\/ld-nrw.de\/\",\"name\":\"Liberale Demokraten NRW\",\"description\":\"\",\"publisher\":{\"@id\":\"https:\/\/ld-nrw.de\/#organization\"},\"potentialAction\":[{\"@type\":\"SearchAction\",\"target\":{\"@type\":\"EntryPoint\",\"urlTemplate\":\"https:\/\/ld-nrw.de\/?s={search_term_string}\"},\"query-input\":{\"@type\":\"PropertyValueSpecification\",\"valueRequired\":true,\"valueName\":\"search_term_string\"}}],\"inLanguage\":\"en-GB\"},{\"@type\":\"Organization\",\"@id\":\"https:\/\/ld-nrw.de\/#organization\",\"name\":\"Liberale Demokraten NRW\",\"url\":\"https:\/\/ld-nrw.de\/\",\"logo\":{\"@type\":\"ImageObject\",\"inLanguage\":\"en-GB\",\"@id\":\"https:\/\/ld-nrw.de\/#\/schema\/logo\/image\/\",\"url\":\"https:\/\/ld-nrw.de\/wp-content\/uploads\/2023\/07\/ld_nrw.svg\",\"contentUrl\":\"https:\/\/ld-nrw.de\/wp-content\/uploads\/2023\/07\/ld_nrw.svg\",\"width\":1595,\"height\":776,\"caption\":\"Liberale Demokraten NRW\"},\"image\":{\"@id\":\"https:\/\/ld-nrw.de\/#\/schema\/logo\/image\/\"},\"sameAs\":[\"https:\/\/www.facebook.com\/ldnrw\",\"https:\/\/x.com\/ld_nrw\",\"https:\/\/www.instagram.com\/ld_nrw\/\"]}]}<\/script>\n<!-- \/ Yoast SEO plugin. -->","yoast_head_json":{"title":"Landtagswahl 2027 - Liberale Demokraten NRW","description":"Sozialliberale Partei zur Landtagswahl 2027 in NRW: Bildung, B\u00fcrgerrechte, faire Wirtschaft. Jetzt mitmachen & NRW mitgestalten!","robots":{"index":"index","follow":"follow","max-snippet":"max-snippet:-1","max-image-preview":"max-image-preview:large","max-video-preview":"max-video-preview:-1"},"canonical":"https:\/\/ld-nrw.de\/en\/landtagswahl-2027\/","og_locale":"en_GB","og_type":"article","og_title":"Landtagswahl 2027 - Liberale Demokraten NRW","og_description":"Sozialliberale Partei zur Landtagswahl 2027 in NRW: Bildung, B\u00fcrgerrechte, faire Wirtschaft. Jetzt mitmachen & NRW mitgestalten!","og_url":"https:\/\/ld-nrw.de\/en\/landtagswahl-2027\/","og_site_name":"Liberale Demokraten NRW","article_publisher":"https:\/\/www.facebook.com\/ldnrw","article_modified_time":"2026-03-30T13:06:48+00:00","og_image":[{"width":2560,"height":1709,"url":"https:\/\/ld-nrw.de\/wp-content\/uploads\/2025\/10\/v2osk-WfzlgdX2BGA-unsplash-scaled.jpg","type":"image\/jpeg"}],"twitter_card":"summary_large_image","twitter_site":"@ld_nrw","twitter_misc":{"Estimated reading time":"2 minutes"},"schema":{"@context":"https:\/\/schema.org","@graph":[{"@type":"WebPage","@id":"https:\/\/ld-nrw.de\/landtagswahl-2027\/","url":"https:\/\/ld-nrw.de\/landtagswahl-2027\/","name":"Landtagswahl 2027 - Liberale Demokraten NRW","isPartOf":{"@id":"https:\/\/ld-nrw.de\/#website"},"primaryImageOfPage":{"@id":"https:\/\/ld-nrw.de\/landtagswahl-2027\/#primaryimage"},"image":{"@id":"https:\/\/ld-nrw.de\/landtagswahl-2027\/#primaryimage"},"thumbnailUrl":"https:\/\/ld-nrw.de\/wp-content\/uploads\/2025\/10\/v2osk-WfzlgdX2BGA-unsplash-1024x683.jpg","datePublished":"2025-10-26T09:19:06+00:00","dateModified":"2026-03-30T13:06:48+00:00","description":"Sozialliberale Partei zur Landtagswahl 2027 in NRW: Bildung, B\u00fcrgerrechte, faire Wirtschaft. Jetzt mitmachen & NRW mitgestalten!","breadcrumb":{"@id":"https:\/\/ld-nrw.de\/landtagswahl-2027\/#breadcrumb"},"inLanguage":"en-GB","potentialAction":[{"@type":"ReadAction","target":["https:\/\/ld-nrw.de\/landtagswahl-2027\/"]}]},{"@type":"ImageObject","inLanguage":"en-GB","@id":"https:\/\/ld-nrw.de\/landtagswahl-2027\/#primaryimage","url":"https:\/\/ld-nrw.de\/wp-content\/uploads\/2025\/10\/v2osk-WfzlgdX2BGA-unsplash-1024x683.jpg","contentUrl":"https:\/\/ld-nrw.de\/wp-content\/uploads\/2025\/10\/v2osk-WfzlgdX2BGA-unsplash-1024x683.jpg"},{"@type":"BreadcrumbList","@id":"https:\/\/ld-nrw.de\/landtagswahl-2027\/#breadcrumb","itemListElement":[{"@type":"ListItem","position":1,"name":"Startseite","item":"https:\/\/ld-nrw.de\/"},{"@type":"ListItem","position":2,"name":"Landtagswahl 2027"}]},{"@type":"WebSite","@id":"https:\/\/ld-nrw.de\/#website","url":"https:\/\/ld-nrw.de\/","name":"Liberale Demokraten NRW","description":"","publisher":{"@id":"https:\/\/ld-nrw.de\/#organization"},"potentialAction":[{"@type":"SearchAction","target":{"@type":"EntryPoint","urlTemplate":"https:\/\/ld-nrw.de\/?s={search_term_string}"},"query-input":{"@type":"PropertyValueSpecification","valueRequired":true,"valueName":"search_term_string"}}],"inLanguage":"en-GB"},{"@type":"Organization","@id":"https:\/\/ld-nrw.de\/#organization","name":"Liberale Demokraten NRW","url":"https:\/\/ld-nrw.de\/","logo":{"@type":"ImageObject","inLanguage":"en-GB","@id":"https:\/\/ld-nrw.de\/#\/schema\/logo\/image\/","url":"https:\/\/ld-nrw.de\/wp-content\/uploads\/2023\/07\/ld_nrw.svg","contentUrl":"https:\/\/ld-nrw.de\/wp-content\/uploads\/2023\/07\/ld_nrw.svg","width":1595,"height":776,"caption":"Liberale Demokraten NRW"},"image":{"@id":"https:\/\/ld-nrw.de\/#\/schema\/logo\/image\/"},"sameAs":["https:\/\/www.facebook.com\/ldnrw","https:\/\/x.com\/ld_nrw","https:\/\/www.instagram.com\/ld_nrw\/"]}]}},"_links":{"self":[{"href":"https:\/\/ld-nrw.de\/en\/wp-json\/wp\/v2\/pages\/3044","targetHints":{"allow":["GET"]}}],"collection":[{"href":"https:\/\/ld-nrw.de\/en\/wp-json\/wp\/v2\/pages"}],"about":[{"href":"https:\/\/ld-nrw.de\/en\/wp-json\/wp\/v2\/types\/page"}],"author":[{"embeddable":true,"href":"https:\/\/ld-nrw.de\/en\/wp-json\/wp\/v2\/users\/1"}],"replies":[{"embeddable":true,"href":"https:\/\/ld-nrw.de\/en\/wp-json\/wp\/v2\/comments?post=3044"}],"version-history":[{"count":21,"href":"https:\/\/ld-nrw.de\/en\/wp-json\/wp\/v2\/pages\/3044\/revisions"}],"predecessor-version":[{"id":3325,"href":"https:\/\/ld-nrw.de\/en\/wp-json\/wp\/v2\/pages\/3044\/revisions\/3325"}],"wp:attachment":[{"href":"https:\/\/ld-nrw.de\/en\/wp-json\/wp\/v2\/media?parent=3044"}],"curies":[{"name":"wp","href":"https:\/\/api.w.org\/{rel}","templated":true}]}}