{"id":2955,"date":"2025-07-26T20:43:00","date_gmt":"2025-07-26T18:43:00","guid":{"rendered":"https:\/\/ld-nrw.de\/?page_id=2955"},"modified":"2026-03-13T10:23:30","modified_gmt":"2026-03-13T09:23:30","slug":"programmprozess","status":"publish","type":"page","link":"https:\/\/ld-nrw.de\/en\/landtagswahl-2027\/programmprozess\/","title":{"rendered":"Working on our 2027 State Election Platform"},"content":{"rendered":"<p><strong>Working on our 2027 State Election Platform<\/strong><\/p>\n\n\n\n<p>Die Arbeit am Programm der Liberalen Demokraten zur Landtagswahl 2027 in Nordrhein-Westfalen l\u00e4uft. Dabei gehen wir in mehrerer Hinsicht neue Wege: Wir wagen den Blick \u00fcber f\u00f6derale Grenzen hinweg und wollen das Blendwerk \u201eWahlprogramm&#8220; hinter uns lassen \u2014 das Ergebnis soll ein inhaltliches Bekenntnis sein, auf das sich unsere W\u00e4hlerinnen und W\u00e4hler verlassen k\u00f6nnen.<\/p>\n\n\n\n<p>Als ersten Schritt haben wir auf unserem Aufstellungsparteitag am 1. M\u00e4rz 2026 in K\u00f6ln einen vorl\u00e4ufigen Forderungskatalog beschlossen, der die Grundlage f\u00fcr das endg\u00fcltige Wahlprogramm bildet.<\/p>\n\n\n\n<p>Den Forderungskatalog findest du hier: <a href=\"https:\/\/ld-nrw.de\/en\/aktuelles\/beschluss\/klar-kann-nrw-das-forderungskatalog-zur-ltw-nrw-2027\/\">Klar kann NRW das \u2013 der Forderungskatalog der LD zur Landtagswahl 2027 in NRW<\/a><\/p>\n\n\n\n<h2 class=\"wp-block-heading\">Gemeinsamer LTW-Programmprozess <\/h2>\n\n\n\n<p>Im Jahr 2027 w\u00e4hlt nicht nur NRW, sondern auch Niedersachsen und das Saarland einen neuen Landtag. Mit unseren Parteifreunden in diesen L\u00e4ndern haben wir uns deshalb zu einem gemeinsamen Programmprozess zusammengefunden. Ziel dieses Prozesses ist es, gemeinsam die bestm\u00f6glichen L\u00f6sungen f\u00fcr Probleme zu finden, die alle drei L\u00e4nder betreffen. <\/p>\n\n\n\n<figure class=\"wp-block-image aligncenter size-large is-resized\"><img loading=\"lazy\" decoding=\"async\" width=\"1024\" height=\"562\" src=\"https:\/\/ld-nrw.de\/wp-content\/uploads\/2025\/10\/gemeinsamer_programmprozess-1-1024x562.jpg\" alt=\"\" class=\"wp-image-3037\" style=\"width:600px\" srcset=\"https:\/\/ld-nrw.de\/wp-content\/uploads\/2025\/10\/gemeinsamer_programmprozess-1-1024x562.jpg 1024w, https:\/\/ld-nrw.de\/wp-content\/uploads\/2025\/10\/gemeinsamer_programmprozess-1-300x165.jpg 300w, https:\/\/ld-nrw.de\/wp-content\/uploads\/2025\/10\/gemeinsamer_programmprozess-1-768x421.jpg 768w, https:\/\/ld-nrw.de\/wp-content\/uploads\/2025\/10\/gemeinsamer_programmprozess-1-1536x843.jpg 1536w, https:\/\/ld-nrw.de\/wp-content\/uploads\/2025\/10\/gemeinsamer_programmprozess-1-2048x1124.jpg 2048w, https:\/\/ld-nrw.de\/wp-content\/uploads\/2025\/10\/gemeinsamer_programmprozess-1-18x10.jpg 18w\" sizes=\"auto, (max-width: 1024px) 100vw, 1024px\" \/><figcaption class=\"wp-element-caption\">Schaubild zum gemeinsamen LTW-Programmprozess<\/figcaption><\/figure>\n\n\n\n<p>Die Arbeit am Programm fand in Arbeitsgruppen statt, deren Leitung jeweils einem der Landesverb\u00e4nde oblag. Bis zum 30. September 2025 legte jede Arbeitsgruppe einen ersten Entwurf f\u00fcr ihren Programmpunkt vor.<\/p>\n\n\n\n<p>Die Aufteilung lautete wie folgt:<\/p>\n\n\n\n<h3 class=\"wp-block-heading\">Programm-AGs nach leitendem Landesverband<\/h3>\n\n\n\n<p><strong>Saarland<\/strong><\/p>\n\n\n\n<ul class=\"wp-block-list\">\n<li>Transformation\/Strukturwandel<\/li>\n\n\n\n<li>Klima\/Umwelt<\/li>\n\n\n\n<li>Europa, offene Grenzen<\/li>\n\n\n\n<li>Kultur\/Sport\/Tourismus\/Medien<\/li>\n\n\n\n<li>Soziales<\/li>\n\n\n\n<li>Katastrophenschutz<\/li>\n<\/ul>\n\n\n\n<p><strong>Nordrhein-Westfalen<\/strong><\/p>\n\n\n\n<ul class=\"wp-block-list\">\n<li>Kommunen<\/li>\n\n\n\n<li>Housing<\/li>\n\n\n\n<li>Polizei<\/li>\n\n\n\n<li>Recht &amp; Justiz<\/li>\n\n\n\n<li>Wirtschaft<\/li>\n\n\n\n<li>Verkehr<\/li>\n\n\n\n<li>Integration<\/li>\n<\/ul>\n\n\n\n<p><strong>Niedersachsen<\/strong><\/p>\n\n\n\n<ul class=\"wp-block-list\">\n<li>L\u00e4ndlicher Raum<\/li>\n\n\n\n<li>Bildung<\/li>\n\n\n\n<li>Arbeit<\/li>\n\n\n\n<li>Landwirtschaft<\/li>\n\n\n\n<li>Gesundheit<\/li>\n\n\n\n<li>Energie<\/li>\n\n\n\n<li>Familie\/Jugend<\/li>\n<\/ul>\n\n\n\n<h3 class=\"wp-block-heading\">Arbeitstreffen in NRW<\/h3>\n\n\n\n<p>Am 29. November 2025 trafen wir uns zu einer Programmwerkstatt in K\u00f6ln. Dort haben wir die Entw\u00fcrfe aus den Arbeitsgruppen zusammengef\u00fchrt und die weiteren Schritte bis zum fertigen Programm abgesprochen.<\/p>\n\n\n\n<figure class=\"wp-block-gallery has-nested-images columns-default is-cropped wp-block-gallery-1 is-layout-flex wp-block-gallery-is-layout-flex\" style=\"border-radius:10px\">\n<figure class=\"wp-block-image size-large has-custom-border\"><img loading=\"lazy\" decoding=\"async\" width=\"1024\" height=\"683\" data-id=\"3129\" src=\"https:\/\/ld-nrw.de\/wp-content\/uploads\/2025\/12\/PLV08830-1024x683.jpg\" alt=\"\" class=\"wp-image-3129\" style=\"border-radius:10px\" srcset=\"https:\/\/ld-nrw.de\/wp-content\/uploads\/2025\/12\/PLV08830-1024x683.jpg 1024w, https:\/\/ld-nrw.de\/wp-content\/uploads\/2025\/12\/PLV08830-300x200.jpg 300w, https:\/\/ld-nrw.de\/wp-content\/uploads\/2025\/12\/PLV08830-768x512.jpg 768w, https:\/\/ld-nrw.de\/wp-content\/uploads\/2025\/12\/PLV08830-18x12.jpg 18w, https:\/\/ld-nrw.de\/wp-content\/uploads\/2025\/12\/PLV08830.jpg 1200w\" sizes=\"auto, (max-width: 1024px) 100vw, 1024px\" \/><\/figure>\n\n\n\n<figure class=\"wp-block-image size-medium has-custom-border\"><img loading=\"lazy\" decoding=\"async\" width=\"300\" height=\"200\" data-id=\"3115\" src=\"https:\/\/ld-nrw.de\/wp-content\/uploads\/2025\/11\/PLV08848-300x200.jpg\" alt=\"\" class=\"wp-image-3115\" style=\"border-radius:10px\" srcset=\"https:\/\/ld-nrw.de\/wp-content\/uploads\/2025\/11\/PLV08848-300x200.jpg 300w, https:\/\/ld-nrw.de\/wp-content\/uploads\/2025\/11\/PLV08848-1024x683.jpg 1024w, https:\/\/ld-nrw.de\/wp-content\/uploads\/2025\/11\/PLV08848-768x512.jpg 768w, https:\/\/ld-nrw.de\/wp-content\/uploads\/2025\/11\/PLV08848-1536x1024.jpg 1536w, https:\/\/ld-nrw.de\/wp-content\/uploads\/2025\/11\/PLV08848-2048x1365.jpg 2048w, https:\/\/ld-nrw.de\/wp-content\/uploads\/2025\/11\/PLV08848-18x12.jpg 18w\" sizes=\"auto, (max-width: 300px) 100vw, 300px\" \/><\/figure>\n\n\n\n<figure class=\"wp-block-image size-large has-custom-border\"><img loading=\"lazy\" decoding=\"async\" width=\"1024\" height=\"683\" data-id=\"3131\" src=\"https:\/\/ld-nrw.de\/wp-content\/uploads\/2025\/12\/PLV08863-1024x683.jpg\" alt=\"\" class=\"wp-image-3131\" style=\"border-radius:10px\" srcset=\"https:\/\/ld-nrw.de\/wp-content\/uploads\/2025\/12\/PLV08863-1024x683.jpg 1024w, https:\/\/ld-nrw.de\/wp-content\/uploads\/2025\/12\/PLV08863-300x200.jpg 300w, https:\/\/ld-nrw.de\/wp-content\/uploads\/2025\/12\/PLV08863-768x512.jpg 768w, https:\/\/ld-nrw.de\/wp-content\/uploads\/2025\/12\/PLV08863-18x12.jpg 18w, https:\/\/ld-nrw.de\/wp-content\/uploads\/2025\/12\/PLV08863.jpg 1200w\" sizes=\"auto, (max-width: 1024px) 100vw, 1024px\" \/><\/figure>\n<\/figure>\n\n\n\n<h2 class=\"wp-block-heading\">Ein Programm f\u00fcr dich mit Ideen von dir<\/h2>\n\n\n\n<p>Unser Programm entsteht nicht im luftleeren Raum, sondern getragen von den Ideen und Meinungen der B\u00fcrgerinnen und B\u00fcrger. Wenn du besonderes Interesse an der Weiterentwicklung sozialliberaler Ideen auf Landesebene hast, <a href=\"mailto:vorstand@ld-nrw.de\">sprich uns gerne auf die M\u00f6glichkeit einer Mitarbeit an<\/a>.<\/p>\n\n\n\n<h2 class=\"wp-block-heading\">Vom Forderungskatalog zum NRW-Programm<\/h2>\n\n\n\n<p>Mit dem Beschluss des vorl\u00e4ufigen Forderungskatalogs am 1. M\u00e4rz 2026 haben wir den ersten wesentlichen Schritt getan. Der Katalog b\u00fcndelt die Ergebnisse des gemeinsamen Programmprozesses mit Niedersachsen und dem Saarland und benennt konkret, was wir in NRW ver\u00e4ndern wollen\u00a0\u2013 von der Kita bis zur Klimapolitik, von der Berufsschule bis zum Schienennetz.<\/p>\n\n\n\n<p>Er ist allerdings ein Anfang, kein Abschluss. In den kommenden Monaten werden wir den Forderungskatalog fortlaufend \u00fcberpr\u00fcfen, erweitern und, wenn n\u00f6tig, \u00fcberarbeiten. Am Ende entsteht aus ihm ein vollst\u00e4ndiges Wahlprogramm, das alle Bereiche der Landespolitik abdeckt.<\/p>\n\n\n\n<p>Wer an diesem Prozess mitwirken m\u00f6chte, ist herzlich willkommen. Anmerkungen zum Forderungskatalog, Erg\u00e4nzungsvorschl\u00e4ge oder Interesse an einer Mitarbeit in den Arbeitsgruppen k\u00f6nnen direkt an <a href=\"mailto:vorstand@ld-nrw.de\">vorstand@ld-nrw.de<\/a> gerichtet werden.<\/p>","protected":false},"excerpt":{"rendered":"<p>Programmprozess zur Landtagswahl 2027 Die Arbeit am Programm der Liberalen Demokraten zur Landtagswahl 2027 in Nordrhein-Westfalen l\u00e4uft. Dabei gehen wir in mehrerer Hinsicht neue Wege: Wir wagen den Blick \u00fcber f\u00f6derale Grenzen hinweg und wollen das Blendwerk \u201eWahlprogramm&#8220; hinter uns lassen \u2014 das Ergebnis soll ein inhaltliches Bekenntnis sein, auf das sich unsere W\u00e4hlerinnen und [&hellip;]<\/p>\n","protected":false},"author":1,"featured_media":0,"parent":3044,"menu_order":0,"comment_status":"closed","ping_status":"closed","template":"","meta":{"_acf_changed":false,"footnotes":""},"class_list":["post-2955","page","type-page","status-publish","hentry"],"blocksy_meta":[],"acf":[],"yoast_head":"<!-- This site is optimized with the Yoast SEO plugin v27.2 - https:\/\/yoast.com\/product\/yoast-seo-wordpress\/ -->\n<title>Programmprozess zur Landtagswahl 2027 - Liberale Demokraten NRW<\/title>\n<meta name=\"robots\" content=\"index, follow, max-snippet:-1, max-image-preview:large, max-video-preview:-1\" \/>\n<link rel=\"canonical\" href=\"https:\/\/ld-nrw.de\/en\/landtagswahl-2027\/programmprozess\/\" \/>\n<meta property=\"og:locale\" content=\"en_GB\" \/>\n<meta property=\"og:type\" content=\"article\" \/>\n<meta property=\"og:title\" content=\"Programmprozess zur Landtagswahl 2027 - Liberale Demokraten NRW\" \/>\n<meta property=\"og:description\" content=\"Programmprozess zur Landtagswahl 2027 Die Arbeit am Programm der Liberalen Demokraten zur Landtagswahl 2027 in Nordrhein-Westfalen l\u00e4uft. Dabei gehen wir in mehrerer Hinsicht neue Wege: Wir wagen den Blick \u00fcber f\u00f6derale Grenzen hinweg und wollen das Blendwerk \u201eWahlprogramm&#8220; hinter uns lassen \u2014 das Ergebnis soll ein inhaltliches Bekenntnis sein, auf das sich unsere W\u00e4hlerinnen und [&hellip;]\" \/>\n<meta property=\"og:url\" content=\"https:\/\/ld-nrw.de\/en\/landtagswahl-2027\/programmprozess\/\" \/>\n<meta property=\"og:site_name\" content=\"Liberale Demokraten NRW\" \/>\n<meta property=\"article:publisher\" content=\"https:\/\/www.facebook.com\/ldnrw\" \/>\n<meta property=\"article:modified_time\" content=\"2026-03-13T09:23:30+00:00\" \/>\n<meta property=\"og:image\" content=\"https:\/\/ld-nrw.de\/wp-content\/uploads\/2025\/10\/gemeinsamer_programmprozess-1-scaled.jpg\" \/>\n\t<meta property=\"og:image:width\" content=\"2560\" \/>\n\t<meta property=\"og:image:height\" content=\"1405\" \/>\n\t<meta property=\"og:image:type\" content=\"image\/jpeg\" \/>\n<meta name=\"twitter:card\" content=\"summary_large_image\" \/>\n<meta name=\"twitter:site\" content=\"@ld_nrw\" \/>\n<meta name=\"twitter:label1\" content=\"Estimated reading time\" \/>\n\t<meta name=\"twitter:data1\" content=\"2 minutes\" \/>\n<script type=\"application\/ld+json\" class=\"yoast-schema-graph\">{\"@context\":\"https:\/\/schema.org\",\"@graph\":[{\"@type\":\"WebPage\",\"@id\":\"https:\/\/ld-nrw.de\/landtagswahl-2027\/programmprozess\/\",\"url\":\"https:\/\/ld-nrw.de\/landtagswahl-2027\/programmprozess\/\",\"name\":\"Programmprozess zur Landtagswahl 2027 - Liberale Demokraten NRW\",\"isPartOf\":{\"@id\":\"https:\/\/ld-nrw.de\/#website\"},\"primaryImageOfPage\":{\"@id\":\"https:\/\/ld-nrw.de\/landtagswahl-2027\/programmprozess\/#primaryimage\"},\"image\":{\"@id\":\"https:\/\/ld-nrw.de\/landtagswahl-2027\/programmprozess\/#primaryimage\"},\"thumbnailUrl\":\"https:\/\/ld-nrw.de\/wp-content\/uploads\/2025\/10\/gemeinsamer_programmprozess-1-1024x562.jpg\",\"datePublished\":\"2025-07-26T18:43:00+00:00\",\"dateModified\":\"2026-03-13T09:23:30+00:00\",\"breadcrumb\":{\"@id\":\"https:\/\/ld-nrw.de\/landtagswahl-2027\/programmprozess\/#breadcrumb\"},\"inLanguage\":\"en-GB\",\"potentialAction\":[{\"@type\":\"ReadAction\",\"target\":[\"https:\/\/ld-nrw.de\/landtagswahl-2027\/programmprozess\/\"]}]},{\"@type\":\"ImageObject\",\"inLanguage\":\"en-GB\",\"@id\":\"https:\/\/ld-nrw.de\/landtagswahl-2027\/programmprozess\/#primaryimage\",\"url\":\"https:\/\/ld-nrw.de\/wp-content\/uploads\/2025\/10\/gemeinsamer_programmprozess-1-1024x562.jpg\",\"contentUrl\":\"https:\/\/ld-nrw.de\/wp-content\/uploads\/2025\/10\/gemeinsamer_programmprozess-1-1024x562.jpg\"},{\"@type\":\"BreadcrumbList\",\"@id\":\"https:\/\/ld-nrw.de\/landtagswahl-2027\/programmprozess\/#breadcrumb\",\"itemListElement\":[{\"@type\":\"ListItem\",\"position\":1,\"name\":\"Startseite\",\"item\":\"https:\/\/ld-nrw.de\/\"},{\"@type\":\"ListItem\",\"position\":2,\"name\":\"Landtagswahl 2027\",\"item\":\"https:\/\/ld-nrw.de\/landtagswahl-2027\/\"},{\"@type\":\"ListItem\",\"position\":3,\"name\":\"Programmprozess zur Landtagswahl 2027\"}]},{\"@type\":\"WebSite\",\"@id\":\"https:\/\/ld-nrw.de\/#website\",\"url\":\"https:\/\/ld-nrw.de\/\",\"name\":\"Liberale Demokraten NRW\",\"description\":\"\",\"publisher\":{\"@id\":\"https:\/\/ld-nrw.de\/#organization\"},\"potentialAction\":[{\"@type\":\"SearchAction\",\"target\":{\"@type\":\"EntryPoint\",\"urlTemplate\":\"https:\/\/ld-nrw.de\/?s={search_term_string}\"},\"query-input\":{\"@type\":\"PropertyValueSpecification\",\"valueRequired\":true,\"valueName\":\"search_term_string\"}}],\"inLanguage\":\"en-GB\"},{\"@type\":\"Organization\",\"@id\":\"https:\/\/ld-nrw.de\/#organization\",\"name\":\"Liberale Demokraten NRW\",\"url\":\"https:\/\/ld-nrw.de\/\",\"logo\":{\"@type\":\"ImageObject\",\"inLanguage\":\"en-GB\",\"@id\":\"https:\/\/ld-nrw.de\/#\/schema\/logo\/image\/\",\"url\":\"https:\/\/ld-nrw.de\/wp-content\/uploads\/2023\/07\/ld_nrw.svg\",\"contentUrl\":\"https:\/\/ld-nrw.de\/wp-content\/uploads\/2023\/07\/ld_nrw.svg\",\"width\":1595,\"height\":776,\"caption\":\"Liberale Demokraten NRW\"},\"image\":{\"@id\":\"https:\/\/ld-nrw.de\/#\/schema\/logo\/image\/\"},\"sameAs\":[\"https:\/\/www.facebook.com\/ldnrw\",\"https:\/\/x.com\/ld_nrw\",\"https:\/\/www.instagram.com\/ld_nrw\/\"]}]}<\/script>\n<!-- \/ Yoast SEO plugin. -->","yoast_head_json":{"title":"Programmprozess zur Landtagswahl 2027 - Liberale Demokraten NRW","robots":{"index":"index","follow":"follow","max-snippet":"max-snippet:-1","max-image-preview":"max-image-preview:large","max-video-preview":"max-video-preview:-1"},"canonical":"https:\/\/ld-nrw.de\/en\/landtagswahl-2027\/programmprozess\/","og_locale":"en_GB","og_type":"article","og_title":"Programmprozess zur Landtagswahl 2027 - Liberale Demokraten NRW","og_description":"Programmprozess zur Landtagswahl 2027 Die Arbeit am Programm der Liberalen Demokraten zur Landtagswahl 2027 in Nordrhein-Westfalen l\u00e4uft. Dabei gehen wir in mehrerer Hinsicht neue Wege: Wir wagen den Blick \u00fcber f\u00f6derale Grenzen hinweg und wollen das Blendwerk \u201eWahlprogramm&#8220; hinter uns lassen \u2014 das Ergebnis soll ein inhaltliches Bekenntnis sein, auf das sich unsere W\u00e4hlerinnen und [&hellip;]","og_url":"https:\/\/ld-nrw.de\/en\/landtagswahl-2027\/programmprozess\/","og_site_name":"Liberale Demokraten NRW","article_publisher":"https:\/\/www.facebook.com\/ldnrw","article_modified_time":"2026-03-13T09:23:30+00:00","og_image":[{"width":2560,"height":1405,"url":"https:\/\/ld-nrw.de\/wp-content\/uploads\/2025\/10\/gemeinsamer_programmprozess-1-scaled.jpg","type":"image\/jpeg"}],"twitter_card":"summary_large_image","twitter_site":"@ld_nrw","twitter_misc":{"Estimated reading time":"2 minutes"},"schema":{"@context":"https:\/\/schema.org","@graph":[{"@type":"WebPage","@id":"https:\/\/ld-nrw.de\/landtagswahl-2027\/programmprozess\/","url":"https:\/\/ld-nrw.de\/landtagswahl-2027\/programmprozess\/","name":"Programmprozess zur Landtagswahl 2027 - Liberale Demokraten NRW","isPartOf":{"@id":"https:\/\/ld-nrw.de\/#website"},"primaryImageOfPage":{"@id":"https:\/\/ld-nrw.de\/landtagswahl-2027\/programmprozess\/#primaryimage"},"image":{"@id":"https:\/\/ld-nrw.de\/landtagswahl-2027\/programmprozess\/#primaryimage"},"thumbnailUrl":"https:\/\/ld-nrw.de\/wp-content\/uploads\/2025\/10\/gemeinsamer_programmprozess-1-1024x562.jpg","datePublished":"2025-07-26T18:43:00+00:00","dateModified":"2026-03-13T09:23:30+00:00","breadcrumb":{"@id":"https:\/\/ld-nrw.de\/landtagswahl-2027\/programmprozess\/#breadcrumb"},"inLanguage":"en-GB","potentialAction":[{"@type":"ReadAction","target":["https:\/\/ld-nrw.de\/landtagswahl-2027\/programmprozess\/"]}]},{"@type":"ImageObject","inLanguage":"en-GB","@id":"https:\/\/ld-nrw.de\/landtagswahl-2027\/programmprozess\/#primaryimage","url":"https:\/\/ld-nrw.de\/wp-content\/uploads\/2025\/10\/gemeinsamer_programmprozess-1-1024x562.jpg","contentUrl":"https:\/\/ld-nrw.de\/wp-content\/uploads\/2025\/10\/gemeinsamer_programmprozess-1-1024x562.jpg"},{"@type":"BreadcrumbList","@id":"https:\/\/ld-nrw.de\/landtagswahl-2027\/programmprozess\/#breadcrumb","itemListElement":[{"@type":"ListItem","position":1,"name":"Startseite","item":"https:\/\/ld-nrw.de\/"},{"@type":"ListItem","position":2,"name":"Landtagswahl 2027","item":"https:\/\/ld-nrw.de\/landtagswahl-2027\/"},{"@type":"ListItem","position":3,"name":"Programmprozess zur Landtagswahl 2027"}]},{"@type":"WebSite","@id":"https:\/\/ld-nrw.de\/#website","url":"https:\/\/ld-nrw.de\/","name":"Liberale Demokraten NRW","description":"","publisher":{"@id":"https:\/\/ld-nrw.de\/#organization"},"potentialAction":[{"@type":"SearchAction","target":{"@type":"EntryPoint","urlTemplate":"https:\/\/ld-nrw.de\/?s={search_term_string}"},"query-input":{"@type":"PropertyValueSpecification","valueRequired":true,"valueName":"search_term_string"}}],"inLanguage":"en-GB"},{"@type":"Organization","@id":"https:\/\/ld-nrw.de\/#organization","name":"Liberale Demokraten NRW","url":"https:\/\/ld-nrw.de\/","logo":{"@type":"ImageObject","inLanguage":"en-GB","@id":"https:\/\/ld-nrw.de\/#\/schema\/logo\/image\/","url":"https:\/\/ld-nrw.de\/wp-content\/uploads\/2023\/07\/ld_nrw.svg","contentUrl":"https:\/\/ld-nrw.de\/wp-content\/uploads\/2023\/07\/ld_nrw.svg","width":1595,"height":776,"caption":"Liberale Demokraten NRW"},"image":{"@id":"https:\/\/ld-nrw.de\/#\/schema\/logo\/image\/"},"sameAs":["https:\/\/www.facebook.com\/ldnrw","https:\/\/x.com\/ld_nrw","https:\/\/www.instagram.com\/ld_nrw\/"]}]}},"_links":{"self":[{"href":"https:\/\/ld-nrw.de\/en\/wp-json\/wp\/v2\/pages\/2955","targetHints":{"allow":["GET"]}}],"collection":[{"href":"https:\/\/ld-nrw.de\/en\/wp-json\/wp\/v2\/pages"}],"about":[{"href":"https:\/\/ld-nrw.de\/en\/wp-json\/wp\/v2\/types\/page"}],"author":[{"embeddable":true,"href":"https:\/\/ld-nrw.de\/en\/wp-json\/wp\/v2\/users\/1"}],"replies":[{"embeddable":true,"href":"https:\/\/ld-nrw.de\/en\/wp-json\/wp\/v2\/comments?post=2955"}],"version-history":[{"count":12,"href":"https:\/\/ld-nrw.de\/en\/wp-json\/wp\/v2\/pages\/2955\/revisions"}],"predecessor-version":[{"id":3319,"href":"https:\/\/ld-nrw.de\/en\/wp-json\/wp\/v2\/pages\/2955\/revisions\/3319"}],"up":[{"embeddable":true,"href":"https:\/\/ld-nrw.de\/en\/wp-json\/wp\/v2\/pages\/3044"}],"wp:attachment":[{"href":"https:\/\/ld-nrw.de\/en\/wp-json\/wp\/v2\/media?parent=2955"}],"curies":[{"name":"wp","href":"https:\/\/api.w.org\/{rel}","templated":true}]}}