{"id":2868,"date":"2025-05-26T15:31:55","date_gmt":"2025-05-26T13:31:55","guid":{"rendered":"https:\/\/ld-nrw.de\/?page_id=2868"},"modified":"2026-03-09T15:42:40","modified_gmt":"2026-03-09T14:42:40","slug":"max-zimmer","status":"publish","type":"page","link":"https:\/\/ld-nrw.de\/en\/personen\/max-zimmer\/","title":{"rendered":"Max Zimmer"},"content":{"rendered":"<div class=\"wp-block-columns is-layout-flex wp-container-core-columns-is-layout-28f84493 wp-block-columns-is-layout-flex\">\n<div class=\"wp-block-column is-layout-flow wp-block-column-is-layout-flow\" style=\"flex-basis:60%\">\n<p style=\"font-size:clamp(0.929rem, 0.929rem + ((1vw - 0.2rem) * 0.589), 1.4rem);\"><strong>Stellvertretender Landesvorsitzender<\/strong><\/p>\n\n\n\n<ul class=\"wp-block-social-links has-icon-color has-icon-background-color is-style-pill-shape is-horizontal is-content-justification-left is-layout-flex wp-container-core-social-links-is-layout-f73567ad wp-block-social-links-is-layout-flex\"><li style=\"color:var(--theme-palette-color-8, #ffffff);background-color:var(--theme-palette-color-1, #FF8200);\" class=\"wp-social-link wp-social-link-mail has-palette-color-8-color wp-block-social-link\"><a href=\"mailto:max.zimmer@liberale-demokraten.de\" class=\"wp-block-social-link-anchor\"><svg width=\"24\" height=\"24\" viewbox=\"0 0 24 24\" version=\"1.1\" xmlns=\"http:\/\/www.w3.org\/2000\/svg\" aria-hidden=\"true\" focusable=\"false\"><path d=\"M19,5H5c-1.1,0-2,.9-2,2v10c0,1.1.9,2,2,2h14c1.1,0,2-.9,2-2V7c0-1.1-.9-2-2-2zm.5,12c0,.3-.2.5-.5.5H5c-.3,0-.5-.2-.5-.5V9.8l7.5,5.6,7.5-5.6V17zm0-9.1L12,13.6,4.5,7.9V7c0-.3.2-.5.5-.5h14c.3,0,.5.2.5.5v.9z\"><\/path><\/svg><span class=\"wp-block-social-link-label screen-reader-text\">Mail<\/span><\/a><\/li>\n\n<li style=\"color:var(--theme-palette-color-8, #ffffff);background-color:var(--theme-palette-color-1, #FF8200);\" class=\"wp-social-link wp-social-link-instagram has-palette-color-8-color wp-block-social-link\"><a href=\"https:\/\/www.instagram.com\/maxzimmer.ld\/\" class=\"wp-block-social-link-anchor\"><svg width=\"24\" height=\"24\" viewbox=\"0 0 24 24\" version=\"1.1\" xmlns=\"http:\/\/www.w3.org\/2000\/svg\" aria-hidden=\"true\" focusable=\"false\"><path d=\"M12,4.622c2.403,0,2.688,0.009,3.637,0.052c0.877,0.04,1.354,0.187,1.671,0.31c0.42,0.163,0.72,0.358,1.035,0.673 c0.315,0.315,0.51,0.615,0.673,1.035c0.123,0.317,0.27,0.794,0.31,1.671c0.043,0.949,0.052,1.234,0.052,3.637 s-0.009,2.688-0.052,3.637c-0.04,0.877-0.187,1.354-0.31,1.671c-0.163,0.42-0.358,0.72-0.673,1.035 c-0.315,0.315-0.615,0.51-1.035,0.673c-0.317,0.123-0.794,0.27-1.671,0.31c-0.949,0.043-1.233,0.052-3.637,0.052 s-2.688-0.009-3.637-0.052c-0.877-0.04-1.354-0.187-1.671-0.31c-0.42-0.163-0.72-0.358-1.035-0.673 c-0.315-0.315-0.51-0.615-0.673-1.035c-0.123-0.317-0.27-0.794-0.31-1.671C4.631,14.688,4.622,14.403,4.622,12 s0.009-2.688,0.052-3.637c0.04-0.877,0.187-1.354,0.31-1.671c0.163-0.42,0.358-0.72,0.673-1.035 c0.315-0.315,0.615-0.51,1.035-0.673c0.317-0.123,0.794-0.27,1.671-0.31C9.312,4.631,9.597,4.622,12,4.622 M12,3 C9.556,3,9.249,3.01,8.289,3.054C7.331,3.098,6.677,3.25,6.105,3.472C5.513,3.702,5.011,4.01,4.511,4.511 c-0.5,0.5-0.808,1.002-1.038,1.594C3.25,6.677,3.098,7.331,3.054,8.289C3.01,9.249,3,9.556,3,12c0,2.444,0.01,2.751,0.054,3.711 c0.044,0.958,0.196,1.612,0.418,2.185c0.23,0.592,0.538,1.094,1.038,1.594c0.5,0.5,1.002,0.808,1.594,1.038 c0.572,0.222,1.227,0.375,2.185,0.418C9.249,20.99,9.556,21,12,21s2.751-0.01,3.711-0.054c0.958-0.044,1.612-0.196,2.185-0.418 c0.592-0.23,1.094-0.538,1.594-1.038c0.5-0.5,0.808-1.002,1.038-1.594c0.222-0.572,0.375-1.227,0.418-2.185 C20.99,14.751,21,14.444,21,12s-0.01-2.751-0.054-3.711c-0.044-0.958-0.196-1.612-0.418-2.185c-0.23-0.592-0.538-1.094-1.038-1.594 c-0.5-0.5-1.002-0.808-1.594-1.038c-0.572-0.222-1.227-0.375-2.185-0.418C14.751,3.01,14.444,3,12,3L12,3z M12,7.378 c-2.552,0-4.622,2.069-4.622,4.622S9.448,16.622,12,16.622s4.622-2.069,4.622-4.622S14.552,7.378,12,7.378z M12,15 c-1.657,0-3-1.343-3-3s1.343-3,3-3s3,1.343,3,3S13.657,15,12,15z M16.804,6.116c-0.596,0-1.08,0.484-1.08,1.08 s0.484,1.08,1.08,1.08c0.596,0,1.08-0.484,1.08-1.08S17.401,6.116,16.804,6.116z\"><\/path><\/svg><span class=\"wp-block-social-link-label screen-reader-text\">Instagram<\/span><\/a><\/li>\n\n<li style=\"color:var(--theme-palette-color-8, #ffffff);background-color:var(--theme-palette-color-1, #FF8200);\" class=\"wp-social-link wp-social-link-threads has-palette-color-8-color wp-block-social-link\"><a href=\"https:\/\/www.threads.com\/@maxzimmer.ld\" class=\"wp-block-social-link-anchor\"><svg width=\"24\" height=\"24\" viewbox=\"0 0 24 24\" version=\"1.1\" xmlns=\"http:\/\/www.w3.org\/2000\/svg\" aria-hidden=\"true\" focusable=\"false\"><path d=\"M16.3 11.3c-.1 0-.2-.1-.2-.1-.1-2.6-1.5-4-3.9-4-1.4 0-2.6.6-3.3 1.7l1.3.9c.5-.8 1.4-1 2-1 .8 0 1.4.2 1.7.7.3.3.5.8.5 1.3-.7-.1-1.4-.2-2.2-.1-2.2.1-3.7 1.4-3.6 3.2 0 .9.5 1.7 1.3 2.2.7.4 1.5.6 2.4.6 1.2-.1 2.1-.5 2.7-1.3.5-.6.8-1.4.9-2.4.6.3 1 .8 1.2 1.3.4.9.4 2.4-.8 3.6-1.1 1.1-2.3 1.5-4.3 1.5-2.1 0-3.8-.7-4.8-2S5.7 14.3 5.7 12c0-2.3.5-4.1 1.5-5.4 1.1-1.3 2.7-2 4.8-2 2.2 0 3.8.7 4.9 2 .5.7.9 1.5 1.2 2.5l1.5-.4c-.3-1.2-.8-2.2-1.5-3.1-1.3-1.7-3.3-2.6-6-2.6-2.6 0-4.7.9-6 2.6C4.9 7.2 4.3 9.3 4.3 12s.6 4.8 1.9 6.4c1.4 1.7 3.4 2.6 6 2.6 2.3 0 4-.6 5.3-2 1.8-1.8 1.7-4 1.1-5.4-.4-.9-1.2-1.7-2.3-2.3zm-4 3.8c-1 .1-2-.4-2-1.3 0-.7.5-1.5 2.1-1.6h.5c.6 0 1.1.1 1.6.2-.2 2.3-1.3 2.7-2.2 2.7z\"\/><\/svg><span class=\"wp-block-social-link-label screen-reader-text\">Threads<\/span><\/a><\/li><\/ul>\n\n\n\n<p>Max was born in Cologne in 2003, where he still lives today. After graduating from high school in 2021, he studied sports management (B.A.) in Cologne. After graduating in 2024, he started his professional career in soccer. He is also involved in local clubs.<\/p>\n\n\n\n<p>Seit 2024 ist Max bei den Liberalen Demokraten aktiv. 2025 wurde er trotz erst kurzer Zeit in der Partei zum Kommunalpolitischen Sprecher f\u00fcr K\u00f6ln ernannt, wo die LD nun \u00fcber eine solide Mitgliederbasis verf\u00fcgt. Max kandidiert bei der Kommunalwahl im September 2025 f\u00fcr den Rat der Stadt K\u00f6ln in Nippes.<\/p>\n\n\n\n<p>Auf dem Landesparteitag im Oktober 2025 wurde er zum Stellvertretenden Landesvorsitzenden gew\u00e4hlt und bildet seitdem mit Florian Holtbr\u00fcgger und Ulrich Wissing den Landesvorstand NRW.<\/p>\n\n\n\n<p>Als eine der treibenden Kr\u00e4fte tr\u00e4gt er &#8211; sowohl organisatorisch als auch programmatisch &#8211; ma\u00dfgeblich zu der Teilnahme der Liberalen Demokraten an der Landtagswahl NRW 2027 bei. F\u00fcr diese wurde er beim Aufstellungsparteitag auf Platz 3 der Landesliste gew\u00e4hlt. Daneben wird er an die Kommunalwahl ankn\u00fcpfen und als Direktkandidat f\u00fcr den Wahlkreis K\u00f6ln IV antreten.<\/p>\n\n\n\n<p>Seine politischen Schwerpunkte liegen in Digitalisierung, Sport, Wirtschaft sowie Europa.<\/p>\n<\/div>\n\n\n\n<div class=\"wp-block-column is-vertically-aligned-center is-layout-flow wp-block-column-is-layout-flow\">\n<figure class=\"wp-block-image alignfull size-large has-custom-border\"><img loading=\"lazy\" decoding=\"async\" width=\"620\" height=\"931\" src=\"https:\/\/ld-nrw.de\/wp-content\/uploads\/2026\/03\/PLV07876-2-edited-1-rotated.jpg\" alt=\"\" class=\"wp-image-3264\" style=\"border-radius:10px\" srcset=\"https:\/\/ld-nrw.de\/wp-content\/uploads\/2026\/03\/PLV07876-2-edited-1-rotated.jpg 620w, https:\/\/ld-nrw.de\/wp-content\/uploads\/2026\/03\/PLV07876-2-edited-1-200x300.jpg 200w, https:\/\/ld-nrw.de\/wp-content\/uploads\/2026\/03\/PLV07876-2-edited-1-8x12.jpg 8w\" sizes=\"auto, (max-width: 620px) 100vw, 620px\" \/><\/figure>\n<\/div>\n<\/div>\n\n\n\n<h2 class=\"wp-block-heading\">My CV<\/h2>\n\n\n\n<blockquote class=\"wp-block-quote is-layout-flow wp-block-quote-is-layout-flow\">\n<p><strong>2003<\/strong>: Born in Cologne on December 9, 2003<\/p>\n<\/blockquote>\n\n\n\n<p><\/p>\n\n\n\n<blockquote class=\"wp-block-quote is-layout-flow wp-block-quote-is-layout-flow\">\n<p><strong>2021<\/strong>: High school diploma from Erich K\u00e4stner Gymnasium in Cologne. Subsequently studied sports management at Fresenius University of Applied Sciences in Cologne.<\/p>\n<\/blockquote>\n\n\n\n<p><\/p>\n\n\n\n<blockquote class=\"wp-block-quote is-layout-flow wp-block-quote-is-layout-flow\">\n<p><strong>2024<\/strong>: Completion of bachelor's degree. Started career at S.C. Fortuna Cologne. Joined Liberale Demokraten in December.<\/p>\n<\/blockquote>\n\n\n\n<p><\/p>\n\n\n\n<blockquote class=\"wp-block-quote is-layout-flow wp-block-quote-is-layout-flow\">\n<p><strong>2025<\/strong>: Appointed as local spokesperson for Cologne for the LD. Candidacy for the Cologne City Council.<\/p>\n<\/blockquote>\n\n\n\n<p><\/p>\n\n\n\n<blockquote class=\"wp-block-quote is-layout-flow wp-block-quote-is-layout-flow\">\n<p><strong>2026<\/strong>: Wahl auf Platz 3 der Landesliste sowie Direktkandidat f\u00fcr den Kreis K\u00f6ln IV bei der Landtagswahl NRW 2027<\/p>\n<\/blockquote>\n\n\n\n<p><\/p>","protected":false},"excerpt":{"rendered":"<p>Max was born in Cologne in 2003, where he still lives today. After graduating from high school in 2021, he studied sports management (B.A.) in Cologne. After graduating in 2024, he started his professional career in soccer. He is also involved in local clubs.<\/p>","protected":false},"author":1,"featured_media":3258,"parent":2132,"menu_order":0,"comment_status":"closed","ping_status":"closed","template":"","meta":{"_acf_changed":false,"footnotes":""},"class_list":["post-2868","page","type-page","status-publish","has-post-thumbnail","hentry"],"blocksy_meta":[],"acf":[],"yoast_head":"<!-- This site is optimized with the Yoast SEO plugin v27.2 - https:\/\/yoast.com\/product\/yoast-seo-wordpress\/ -->\n<title>Max Zimmer | Stellv. Landesvorsitzender LD NRW<\/title>\n<meta name=\"description\" content=\"Max Zimmer, stellv. Landesvorsitzender LD NRW. Aus K\u00f6ln. Studierter Sportmanager, 22 Jahre. Schwerpunkte: Digitales, Sport, Wirtschaft.\" \/>\n<meta name=\"robots\" content=\"index, follow, max-snippet:-1, max-image-preview:large, max-video-preview:-1\" \/>\n<link rel=\"canonical\" href=\"https:\/\/ld-nrw.de\/en\/personen\/max-zimmer\/\" \/>\n<meta property=\"og:locale\" content=\"en_GB\" \/>\n<meta property=\"og:type\" content=\"article\" \/>\n<meta property=\"og:title\" content=\"Max Zimmer | Stellv. Landesvorsitzender LD NRW\" \/>\n<meta property=\"og:description\" content=\"Max Zimmer, stellv. Landesvorsitzender LD NRW. Aus K\u00f6ln. Studierter Sportmanager, 22 Jahre. Schwerpunkte: Digitales, Sport, Wirtschaft.\" \/>\n<meta property=\"og:url\" content=\"https:\/\/ld-nrw.de\/en\/personen\/max-zimmer\/\" \/>\n<meta property=\"og:site_name\" content=\"Liberale Demokraten NRW\" \/>\n<meta property=\"article:publisher\" content=\"https:\/\/www.facebook.com\/ldnrw\" \/>\n<meta property=\"article:modified_time\" content=\"2026-03-09T14:42:40+00:00\" \/>\n<meta property=\"og:image\" content=\"https:\/\/ld-nrw.de\/wp-content\/uploads\/2026\/03\/PLV07876-rotated-e1773066674498.jpg\" \/>\n\t<meta property=\"og:image:width\" content=\"800\" \/>\n\t<meta property=\"og:image:height\" content=\"848\" \/>\n\t<meta property=\"og:image:type\" content=\"image\/jpeg\" \/>\n<meta name=\"twitter:card\" content=\"summary_large_image\" \/>\n<meta name=\"twitter:site\" content=\"@ld_nrw\" \/>\n<meta name=\"twitter:label1\" content=\"Estimated reading time\" \/>\n\t<meta name=\"twitter:data1\" content=\"1 minute\" \/>\n<script type=\"application\/ld+json\" class=\"yoast-schema-graph\">{\"@context\":\"https:\/\/schema.org\",\"@graph\":[{\"@type\":\"WebPage\",\"@id\":\"https:\/\/ld-nrw.de\/personen\/max-zimmer\/\",\"url\":\"https:\/\/ld-nrw.de\/personen\/max-zimmer\/\",\"name\":\"Max Zimmer | Stellv. Landesvorsitzender LD NRW\",\"isPartOf\":{\"@id\":\"https:\/\/ld-nrw.de\/#website\"},\"primaryImageOfPage\":{\"@id\":\"https:\/\/ld-nrw.de\/personen\/max-zimmer\/#primaryimage\"},\"image\":{\"@id\":\"https:\/\/ld-nrw.de\/personen\/max-zimmer\/#primaryimage\"},\"thumbnailUrl\":\"https:\/\/ld-nrw.de\/wp-content\/uploads\/2026\/03\/PLV07876-rotated-e1773066674498.jpg\",\"datePublished\":\"2025-05-26T13:31:55+00:00\",\"dateModified\":\"2026-03-09T14:42:40+00:00\",\"description\":\"Max Zimmer, stellv. Landesvorsitzender LD NRW. Aus K\u00f6ln. Studierter Sportmanager, 22 Jahre. Schwerpunkte: Digitales, Sport, Wirtschaft.\",\"breadcrumb\":{\"@id\":\"https:\/\/ld-nrw.de\/personen\/max-zimmer\/#breadcrumb\"},\"inLanguage\":\"en-GB\",\"potentialAction\":[{\"@type\":\"ReadAction\",\"target\":[\"https:\/\/ld-nrw.de\/personen\/max-zimmer\/\"]}]},{\"@type\":\"ImageObject\",\"inLanguage\":\"en-GB\",\"@id\":\"https:\/\/ld-nrw.de\/personen\/max-zimmer\/#primaryimage\",\"url\":\"https:\/\/ld-nrw.de\/wp-content\/uploads\/2026\/03\/PLV07876-rotated-e1773066674498.jpg\",\"contentUrl\":\"https:\/\/ld-nrw.de\/wp-content\/uploads\/2026\/03\/PLV07876-rotated-e1773066674498.jpg\",\"width\":800,\"height\":848},{\"@type\":\"BreadcrumbList\",\"@id\":\"https:\/\/ld-nrw.de\/personen\/max-zimmer\/#breadcrumb\",\"itemListElement\":[{\"@type\":\"ListItem\",\"position\":1,\"name\":\"Startseite\",\"item\":\"https:\/\/ld-nrw.de\/\"},{\"@type\":\"ListItem\",\"position\":2,\"name\":\"Personen\",\"item\":\"https:\/\/ld-nrw.de\/personen\/\"},{\"@type\":\"ListItem\",\"position\":3,\"name\":\"Max Zimmer\"}]},{\"@type\":\"WebSite\",\"@id\":\"https:\/\/ld-nrw.de\/#website\",\"url\":\"https:\/\/ld-nrw.de\/\",\"name\":\"Liberale Demokraten NRW\",\"description\":\"\",\"publisher\":{\"@id\":\"https:\/\/ld-nrw.de\/#organization\"},\"potentialAction\":[{\"@type\":\"SearchAction\",\"target\":{\"@type\":\"EntryPoint\",\"urlTemplate\":\"https:\/\/ld-nrw.de\/?s={search_term_string}\"},\"query-input\":{\"@type\":\"PropertyValueSpecification\",\"valueRequired\":true,\"valueName\":\"search_term_string\"}}],\"inLanguage\":\"en-GB\"},{\"@type\":\"Organization\",\"@id\":\"https:\/\/ld-nrw.de\/#organization\",\"name\":\"Liberale Demokraten NRW\",\"url\":\"https:\/\/ld-nrw.de\/\",\"logo\":{\"@type\":\"ImageObject\",\"inLanguage\":\"en-GB\",\"@id\":\"https:\/\/ld-nrw.de\/#\/schema\/logo\/image\/\",\"url\":\"https:\/\/ld-nrw.de\/wp-content\/uploads\/2023\/07\/ld_nrw.svg\",\"contentUrl\":\"https:\/\/ld-nrw.de\/wp-content\/uploads\/2023\/07\/ld_nrw.svg\",\"width\":1595,\"height\":776,\"caption\":\"Liberale Demokraten NRW\"},\"image\":{\"@id\":\"https:\/\/ld-nrw.de\/#\/schema\/logo\/image\/\"},\"sameAs\":[\"https:\/\/www.facebook.com\/ldnrw\",\"https:\/\/x.com\/ld_nrw\",\"https:\/\/www.instagram.com\/ld_nrw\/\"]}]}<\/script>\n<!-- \/ Yoast SEO plugin. -->","yoast_head_json":{"title":"Max Zimmer | Stellv. Landesvorsitzender LD NRW","description":"Max Zimmer, stellv. Landesvorsitzender LD NRW. Aus K\u00f6ln. Studierter Sportmanager, 22 Jahre. Schwerpunkte: Digitales, Sport, Wirtschaft.","robots":{"index":"index","follow":"follow","max-snippet":"max-snippet:-1","max-image-preview":"max-image-preview:large","max-video-preview":"max-video-preview:-1"},"canonical":"https:\/\/ld-nrw.de\/en\/personen\/max-zimmer\/","og_locale":"en_GB","og_type":"article","og_title":"Max Zimmer | Stellv. Landesvorsitzender LD NRW","og_description":"Max Zimmer, stellv. Landesvorsitzender LD NRW. Aus K\u00f6ln. Studierter Sportmanager, 22 Jahre. Schwerpunkte: Digitales, Sport, Wirtschaft.","og_url":"https:\/\/ld-nrw.de\/en\/personen\/max-zimmer\/","og_site_name":"Liberale Demokraten NRW","article_publisher":"https:\/\/www.facebook.com\/ldnrw","article_modified_time":"2026-03-09T14:42:40+00:00","og_image":[{"width":800,"height":848,"url":"https:\/\/ld-nrw.de\/wp-content\/uploads\/2026\/03\/PLV07876-rotated-e1773066674498.jpg","type":"image\/jpeg"}],"twitter_card":"summary_large_image","twitter_site":"@ld_nrw","twitter_misc":{"Estimated reading time":"1 minute"},"schema":{"@context":"https:\/\/schema.org","@graph":[{"@type":"WebPage","@id":"https:\/\/ld-nrw.de\/personen\/max-zimmer\/","url":"https:\/\/ld-nrw.de\/personen\/max-zimmer\/","name":"Max Zimmer | Stellv. Landesvorsitzender LD NRW","isPartOf":{"@id":"https:\/\/ld-nrw.de\/#website"},"primaryImageOfPage":{"@id":"https:\/\/ld-nrw.de\/personen\/max-zimmer\/#primaryimage"},"image":{"@id":"https:\/\/ld-nrw.de\/personen\/max-zimmer\/#primaryimage"},"thumbnailUrl":"https:\/\/ld-nrw.de\/wp-content\/uploads\/2026\/03\/PLV07876-rotated-e1773066674498.jpg","datePublished":"2025-05-26T13:31:55+00:00","dateModified":"2026-03-09T14:42:40+00:00","description":"Max Zimmer, stellv. Landesvorsitzender LD NRW. Aus K\u00f6ln. Studierter Sportmanager, 22 Jahre. Schwerpunkte: Digitales, Sport, Wirtschaft.","breadcrumb":{"@id":"https:\/\/ld-nrw.de\/personen\/max-zimmer\/#breadcrumb"},"inLanguage":"en-GB","potentialAction":[{"@type":"ReadAction","target":["https:\/\/ld-nrw.de\/personen\/max-zimmer\/"]}]},{"@type":"ImageObject","inLanguage":"en-GB","@id":"https:\/\/ld-nrw.de\/personen\/max-zimmer\/#primaryimage","url":"https:\/\/ld-nrw.de\/wp-content\/uploads\/2026\/03\/PLV07876-rotated-e1773066674498.jpg","contentUrl":"https:\/\/ld-nrw.de\/wp-content\/uploads\/2026\/03\/PLV07876-rotated-e1773066674498.jpg","width":800,"height":848},{"@type":"BreadcrumbList","@id":"https:\/\/ld-nrw.de\/personen\/max-zimmer\/#breadcrumb","itemListElement":[{"@type":"ListItem","position":1,"name":"Startseite","item":"https:\/\/ld-nrw.de\/"},{"@type":"ListItem","position":2,"name":"Personen","item":"https:\/\/ld-nrw.de\/personen\/"},{"@type":"ListItem","position":3,"name":"Max Zimmer"}]},{"@type":"WebSite","@id":"https:\/\/ld-nrw.de\/#website","url":"https:\/\/ld-nrw.de\/","name":"Liberale Demokraten NRW","description":"","publisher":{"@id":"https:\/\/ld-nrw.de\/#organization"},"potentialAction":[{"@type":"SearchAction","target":{"@type":"EntryPoint","urlTemplate":"https:\/\/ld-nrw.de\/?s={search_term_string}"},"query-input":{"@type":"PropertyValueSpecification","valueRequired":true,"valueName":"search_term_string"}}],"inLanguage":"en-GB"},{"@type":"Organization","@id":"https:\/\/ld-nrw.de\/#organization","name":"Liberale Demokraten NRW","url":"https:\/\/ld-nrw.de\/","logo":{"@type":"ImageObject","inLanguage":"en-GB","@id":"https:\/\/ld-nrw.de\/#\/schema\/logo\/image\/","url":"https:\/\/ld-nrw.de\/wp-content\/uploads\/2023\/07\/ld_nrw.svg","contentUrl":"https:\/\/ld-nrw.de\/wp-content\/uploads\/2023\/07\/ld_nrw.svg","width":1595,"height":776,"caption":"Liberale Demokraten NRW"},"image":{"@id":"https:\/\/ld-nrw.de\/#\/schema\/logo\/image\/"},"sameAs":["https:\/\/www.facebook.com\/ldnrw","https:\/\/x.com\/ld_nrw","https:\/\/www.instagram.com\/ld_nrw\/"]}]}},"_links":{"self":[{"href":"https:\/\/ld-nrw.de\/en\/wp-json\/wp\/v2\/pages\/2868","targetHints":{"allow":["GET"]}}],"collection":[{"href":"https:\/\/ld-nrw.de\/en\/wp-json\/wp\/v2\/pages"}],"about":[{"href":"https:\/\/ld-nrw.de\/en\/wp-json\/wp\/v2\/types\/page"}],"author":[{"embeddable":true,"href":"https:\/\/ld-nrw.de\/en\/wp-json\/wp\/v2\/users\/1"}],"replies":[{"embeddable":true,"href":"https:\/\/ld-nrw.de\/en\/wp-json\/wp\/v2\/comments?post=2868"}],"version-history":[{"count":28,"href":"https:\/\/ld-nrw.de\/en\/wp-json\/wp\/v2\/pages\/2868\/revisions"}],"predecessor-version":[{"id":3331,"href":"https:\/\/ld-nrw.de\/en\/wp-json\/wp\/v2\/pages\/2868\/revisions\/3331"}],"up":[{"embeddable":true,"href":"https:\/\/ld-nrw.de\/en\/wp-json\/wp\/v2\/pages\/2132"}],"wp:featuredmedia":[{"embeddable":true,"href":"https:\/\/ld-nrw.de\/en\/wp-json\/wp\/v2\/media\/3258"}],"wp:attachment":[{"href":"https:\/\/ld-nrw.de\/en\/wp-json\/wp\/v2\/media?parent=2868"}],"curies":[{"name":"wp","href":"https:\/\/api.w.org\/{rel}","templated":true}]}}