{"id":2682,"date":"2024-06-28T11:52:32","date_gmt":"2024-06-28T09:52:32","guid":{"rendered":"https:\/\/ld-nrw.de\/?page_id=2682"},"modified":"2025-02-19T09:36:29","modified_gmt":"2025-02-19T08:36:29","slug":"vor-ort","status":"publish","type":"page","link":"https:\/\/ld-nrw.de\/en\/vor-ort\/","title":{"rendered":"Local Organisations"},"content":{"rendered":"<p>Liberale Demokraten \u2013 Die Sozialliberalen are represented throughout NRW. On this page, you will find an overview of all Kreise and kreisfreie St\u00e4dte in which we have already established party structures. However, this does not mean that we do not exist in places that are not listed here - simply get in touch with us, and we will let you know where you can find the nearest Liberal Democrats in your area.<\/p>\n\n\n\n<h2 class=\"wp-block-heading\">Our Regional Organisations<\/h2>\n\n\n\n<p>In order to be there for you everywhere in NRW, we have divided the state territory into 5+1 regional associations. These are congruent with the <a href=\"https:\/\/de.wikipedia.org\/wiki\/Regierungsbezirke_in_Nordrhein-Westfalen\">administrative districts of the state<\/a>A special case is our Ruhr Regional Association - this exists in the area of the <a href=\"https:\/\/de.wikipedia.org\/wiki\/Regionalverband_Ruhr\">Regionalverband Ruhr (RVR)<\/a> and shares its responsibilities with the neighbouring regional associations.<\/p>\n\n\n\n<figure class=\"wp-block-image aligncenter size-full is-resized\"><img loading=\"lazy\" decoding=\"async\" width=\"661\" height=\"661\" src=\"https:\/\/ld-nrw.de\/wp-content\/uploads\/2024\/06\/regionalverbaende_nrw.jpg\" alt=\"\" class=\"wp-image-2683\" style=\"width:357px;height:auto\" srcset=\"https:\/\/ld-nrw.de\/wp-content\/uploads\/2024\/06\/regionalverbaende_nrw.jpg 661w, https:\/\/ld-nrw.de\/wp-content\/uploads\/2024\/06\/regionalverbaende_nrw-300x300.jpg 300w, https:\/\/ld-nrw.de\/wp-content\/uploads\/2024\/06\/regionalverbaende_nrw-150x150.jpg 150w, https:\/\/ld-nrw.de\/wp-content\/uploads\/2024\/06\/regionalverbaende_nrw-12x12.jpg 12w, https:\/\/ld-nrw.de\/wp-content\/uploads\/2024\/06\/regionalverbaende_nrw-24x24.jpg 24w, https:\/\/ld-nrw.de\/wp-content\/uploads\/2024\/06\/regionalverbaende_nrw-48x48.jpg 48w, https:\/\/ld-nrw.de\/wp-content\/uploads\/2024\/06\/regionalverbaende_nrw-96x96.jpg 96w\" sizes=\"auto, (max-width: 661px) 100vw, 661px\" \/><figcaption class=\"wp-element-caption\">Map showing the boundaries of our regional associations.<\/figcaption><\/figure>\n\n\n\n<h2 class=\"wp-block-heading\">We are already organised here:<\/h2>\n\n\n\n<h3 class=\"wp-block-heading\">Mittelrhein Regional Association<\/h3>\n\n\n\n<div class=\"wp-block-buttons is-layout-flex wp-block-buttons-is-layout-flex\">\n<div class=\"wp-block-button\"><a class=\"wp-block-button__link wp-element-button\" href=\"https:\/\/ld-nrw.de\/en\/aachen\/\">Aachen<\/a><\/div>\n\n\n\n<div class=\"wp-block-button\"><a class=\"wp-block-button__link wp-element-button\" href=\"https:\/\/ld-nrw.de\/en\/koeln\/\">Cologne<\/a><\/div>\n<\/div>\n\n\n\n<h3 class=\"wp-block-heading\">Niederrhein Regional Association<\/h3>\n\n\n\n<div class=\"wp-block-buttons is-layout-flex wp-block-buttons-is-layout-flex\">\n<div class=\"wp-block-button\"><a class=\"wp-block-button__link wp-element-button\">Mettmann (coming soon)<\/a><\/div>\n\n\n\n<div class=\"wp-block-button\"><a class=\"wp-block-button__link wp-element-button\">Wuppertal (coming soon)<\/a><\/div>\n<\/div>","protected":false},"excerpt":{"rendered":"<p>Wir Liberale Demokraten &#8211; Die Sozialliberalen sind in ganz NRW vertreten. Auf dieser Seite findest du eine \u00dcbersicht aller Kreise und Kreisfreien St\u00e4dte, in denen wir bereits Parteistrukturen aufgebaut haben. Das hei\u00dft aber nicht, dass es uns an Orten, die hier nicht aufgelistet wurden, nicht gibt &#8211; nimm einfach Kontakt mit uns auf und wir [&hellip;]<\/p>\n","protected":false},"author":1,"featured_media":0,"parent":0,"menu_order":0,"comment_status":"closed","ping_status":"closed","template":"","meta":{"_acf_changed":false,"footnotes":""},"class_list":["post-2682","page","type-page","status-publish","hentry"],"blocksy_meta":[],"acf":[],"yoast_head":"<!-- This site is optimized with the Yoast SEO plugin v27.2 - https:\/\/yoast.com\/product\/yoast-seo-wordpress\/ -->\n<title>Vor Ort - Liberale Demokraten NRW<\/title>\n<meta name=\"robots\" content=\"index, follow, max-snippet:-1, max-image-preview:large, max-video-preview:-1\" \/>\n<link rel=\"canonical\" href=\"https:\/\/ld-nrw.de\/en\/vor-ort\/\" \/>\n<meta property=\"og:locale\" content=\"en_GB\" \/>\n<meta property=\"og:type\" content=\"article\" \/>\n<meta property=\"og:title\" content=\"Vor Ort - Liberale Demokraten NRW\" \/>\n<meta property=\"og:description\" content=\"Wir Liberale Demokraten &#8211; Die Sozialliberalen sind in ganz NRW vertreten. Auf dieser Seite findest du eine \u00dcbersicht aller Kreise und Kreisfreien St\u00e4dte, in denen wir bereits Parteistrukturen aufgebaut haben. Das hei\u00dft aber nicht, dass es uns an Orten, die hier nicht aufgelistet wurden, nicht gibt &#8211; nimm einfach Kontakt mit uns auf und wir [&hellip;]\" \/>\n<meta property=\"og:url\" content=\"https:\/\/ld-nrw.de\/en\/vor-ort\/\" \/>\n<meta property=\"og:site_name\" content=\"Liberale Demokraten NRW\" \/>\n<meta property=\"article:publisher\" content=\"https:\/\/www.facebook.com\/ldnrw\" \/>\n<meta property=\"article:modified_time\" content=\"2025-02-19T08:36:29+00:00\" \/>\n<meta property=\"og:image\" content=\"https:\/\/ld-nrw.de\/wp-content\/uploads\/2024\/06\/regionalverbaende_nrw.jpg\" \/>\n<meta name=\"twitter:card\" content=\"summary_large_image\" \/>\n<meta name=\"twitter:site\" content=\"@ld_nrw\" \/>\n<meta name=\"twitter:label1\" content=\"Estimated reading time\" \/>\n\t<meta name=\"twitter:data1\" content=\"1 minute\" \/>\n<script type=\"application\/ld+json\" class=\"yoast-schema-graph\">{\"@context\":\"https:\/\/schema.org\",\"@graph\":[{\"@type\":\"WebPage\",\"@id\":\"https:\/\/ld-nrw.de\/vor-ort\/\",\"url\":\"https:\/\/ld-nrw.de\/vor-ort\/\",\"name\":\"Vor Ort - Liberale Demokraten NRW\",\"isPartOf\":{\"@id\":\"https:\/\/ld-nrw.de\/#website\"},\"primaryImageOfPage\":{\"@id\":\"https:\/\/ld-nrw.de\/vor-ort\/#primaryimage\"},\"image\":{\"@id\":\"https:\/\/ld-nrw.de\/vor-ort\/#primaryimage\"},\"thumbnailUrl\":\"https:\/\/ld-nrw.de\/wp-content\/uploads\/2024\/06\/regionalverbaende_nrw.jpg\",\"datePublished\":\"2024-06-28T09:52:32+00:00\",\"dateModified\":\"2025-02-19T08:36:29+00:00\",\"breadcrumb\":{\"@id\":\"https:\/\/ld-nrw.de\/vor-ort\/#breadcrumb\"},\"inLanguage\":\"en-GB\",\"potentialAction\":[{\"@type\":\"ReadAction\",\"target\":[\"https:\/\/ld-nrw.de\/vor-ort\/\"]}]},{\"@type\":\"ImageObject\",\"inLanguage\":\"en-GB\",\"@id\":\"https:\/\/ld-nrw.de\/vor-ort\/#primaryimage\",\"url\":\"https:\/\/ld-nrw.de\/wp-content\/uploads\/2024\/06\/regionalverbaende_nrw.jpg\",\"contentUrl\":\"https:\/\/ld-nrw.de\/wp-content\/uploads\/2024\/06\/regionalverbaende_nrw.jpg\"},{\"@type\":\"BreadcrumbList\",\"@id\":\"https:\/\/ld-nrw.de\/vor-ort\/#breadcrumb\",\"itemListElement\":[{\"@type\":\"ListItem\",\"position\":1,\"name\":\"Startseite\",\"item\":\"https:\/\/ld-nrw.de\/\"},{\"@type\":\"ListItem\",\"position\":2,\"name\":\"Vor Ort\"}]},{\"@type\":\"WebSite\",\"@id\":\"https:\/\/ld-nrw.de\/#website\",\"url\":\"https:\/\/ld-nrw.de\/\",\"name\":\"Liberale Demokraten NRW\",\"description\":\"\",\"publisher\":{\"@id\":\"https:\/\/ld-nrw.de\/#organization\"},\"potentialAction\":[{\"@type\":\"SearchAction\",\"target\":{\"@type\":\"EntryPoint\",\"urlTemplate\":\"https:\/\/ld-nrw.de\/?s={search_term_string}\"},\"query-input\":{\"@type\":\"PropertyValueSpecification\",\"valueRequired\":true,\"valueName\":\"search_term_string\"}}],\"inLanguage\":\"en-GB\"},{\"@type\":\"Organization\",\"@id\":\"https:\/\/ld-nrw.de\/#organization\",\"name\":\"Liberale Demokraten NRW\",\"url\":\"https:\/\/ld-nrw.de\/\",\"logo\":{\"@type\":\"ImageObject\",\"inLanguage\":\"en-GB\",\"@id\":\"https:\/\/ld-nrw.de\/#\/schema\/logo\/image\/\",\"url\":\"https:\/\/ld-nrw.de\/wp-content\/uploads\/2023\/07\/ld_nrw.svg\",\"contentUrl\":\"https:\/\/ld-nrw.de\/wp-content\/uploads\/2023\/07\/ld_nrw.svg\",\"width\":1595,\"height\":776,\"caption\":\"Liberale Demokraten NRW\"},\"image\":{\"@id\":\"https:\/\/ld-nrw.de\/#\/schema\/logo\/image\/\"},\"sameAs\":[\"https:\/\/www.facebook.com\/ldnrw\",\"https:\/\/x.com\/ld_nrw\",\"https:\/\/www.instagram.com\/ld_nrw\/\"]}]}<\/script>\n<!-- \/ Yoast SEO plugin. -->","yoast_head_json":{"title":"Vor Ort - Liberale Demokraten NRW","robots":{"index":"index","follow":"follow","max-snippet":"max-snippet:-1","max-image-preview":"max-image-preview:large","max-video-preview":"max-video-preview:-1"},"canonical":"https:\/\/ld-nrw.de\/en\/vor-ort\/","og_locale":"en_GB","og_type":"article","og_title":"Vor Ort - Liberale Demokraten NRW","og_description":"Wir Liberale Demokraten &#8211; Die Sozialliberalen sind in ganz NRW vertreten. Auf dieser Seite findest du eine \u00dcbersicht aller Kreise und Kreisfreien St\u00e4dte, in denen wir bereits Parteistrukturen aufgebaut haben. Das hei\u00dft aber nicht, dass es uns an Orten, die hier nicht aufgelistet wurden, nicht gibt &#8211; nimm einfach Kontakt mit uns auf und wir [&hellip;]","og_url":"https:\/\/ld-nrw.de\/en\/vor-ort\/","og_site_name":"Liberale Demokraten NRW","article_publisher":"https:\/\/www.facebook.com\/ldnrw","article_modified_time":"2025-02-19T08:36:29+00:00","og_image":[{"url":"https:\/\/ld-nrw.de\/wp-content\/uploads\/2024\/06\/regionalverbaende_nrw.jpg","type":"","width":"","height":""}],"twitter_card":"summary_large_image","twitter_site":"@ld_nrw","twitter_misc":{"Estimated reading time":"1 minute"},"schema":{"@context":"https:\/\/schema.org","@graph":[{"@type":"WebPage","@id":"https:\/\/ld-nrw.de\/vor-ort\/","url":"https:\/\/ld-nrw.de\/vor-ort\/","name":"Vor Ort - Liberale Demokraten NRW","isPartOf":{"@id":"https:\/\/ld-nrw.de\/#website"},"primaryImageOfPage":{"@id":"https:\/\/ld-nrw.de\/vor-ort\/#primaryimage"},"image":{"@id":"https:\/\/ld-nrw.de\/vor-ort\/#primaryimage"},"thumbnailUrl":"https:\/\/ld-nrw.de\/wp-content\/uploads\/2024\/06\/regionalverbaende_nrw.jpg","datePublished":"2024-06-28T09:52:32+00:00","dateModified":"2025-02-19T08:36:29+00:00","breadcrumb":{"@id":"https:\/\/ld-nrw.de\/vor-ort\/#breadcrumb"},"inLanguage":"en-GB","potentialAction":[{"@type":"ReadAction","target":["https:\/\/ld-nrw.de\/vor-ort\/"]}]},{"@type":"ImageObject","inLanguage":"en-GB","@id":"https:\/\/ld-nrw.de\/vor-ort\/#primaryimage","url":"https:\/\/ld-nrw.de\/wp-content\/uploads\/2024\/06\/regionalverbaende_nrw.jpg","contentUrl":"https:\/\/ld-nrw.de\/wp-content\/uploads\/2024\/06\/regionalverbaende_nrw.jpg"},{"@type":"BreadcrumbList","@id":"https:\/\/ld-nrw.de\/vor-ort\/#breadcrumb","itemListElement":[{"@type":"ListItem","position":1,"name":"Startseite","item":"https:\/\/ld-nrw.de\/"},{"@type":"ListItem","position":2,"name":"Vor Ort"}]},{"@type":"WebSite","@id":"https:\/\/ld-nrw.de\/#website","url":"https:\/\/ld-nrw.de\/","name":"Liberale Demokraten NRW","description":"","publisher":{"@id":"https:\/\/ld-nrw.de\/#organization"},"potentialAction":[{"@type":"SearchAction","target":{"@type":"EntryPoint","urlTemplate":"https:\/\/ld-nrw.de\/?s={search_term_string}"},"query-input":{"@type":"PropertyValueSpecification","valueRequired":true,"valueName":"search_term_string"}}],"inLanguage":"en-GB"},{"@type":"Organization","@id":"https:\/\/ld-nrw.de\/#organization","name":"Liberale Demokraten NRW","url":"https:\/\/ld-nrw.de\/","logo":{"@type":"ImageObject","inLanguage":"en-GB","@id":"https:\/\/ld-nrw.de\/#\/schema\/logo\/image\/","url":"https:\/\/ld-nrw.de\/wp-content\/uploads\/2023\/07\/ld_nrw.svg","contentUrl":"https:\/\/ld-nrw.de\/wp-content\/uploads\/2023\/07\/ld_nrw.svg","width":1595,"height":776,"caption":"Liberale Demokraten NRW"},"image":{"@id":"https:\/\/ld-nrw.de\/#\/schema\/logo\/image\/"},"sameAs":["https:\/\/www.facebook.com\/ldnrw","https:\/\/x.com\/ld_nrw","https:\/\/www.instagram.com\/ld_nrw\/"]}]}},"_links":{"self":[{"href":"https:\/\/ld-nrw.de\/en\/wp-json\/wp\/v2\/pages\/2682","targetHints":{"allow":["GET"]}}],"collection":[{"href":"https:\/\/ld-nrw.de\/en\/wp-json\/wp\/v2\/pages"}],"about":[{"href":"https:\/\/ld-nrw.de\/en\/wp-json\/wp\/v2\/types\/page"}],"author":[{"embeddable":true,"href":"https:\/\/ld-nrw.de\/en\/wp-json\/wp\/v2\/users\/1"}],"replies":[{"embeddable":true,"href":"https:\/\/ld-nrw.de\/en\/wp-json\/wp\/v2\/comments?post=2682"}],"version-history":[{"count":3,"href":"https:\/\/ld-nrw.de\/en\/wp-json\/wp\/v2\/pages\/2682\/revisions"}],"predecessor-version":[{"id":2815,"href":"https:\/\/ld-nrw.de\/en\/wp-json\/wp\/v2\/pages\/2682\/revisions\/2815"}],"wp:attachment":[{"href":"https:\/\/ld-nrw.de\/en\/wp-json\/wp\/v2\/media?parent=2682"}],"curies":[{"name":"wp","href":"https:\/\/api.w.org\/{rel}","templated":true}]}}